{"id":5137,"date":"2025-06-11T00:12:55","date_gmt":"2025-06-11T00:12:55","guid":{"rendered":"https:\/\/geisamexico.com\/?post_type=product&#038;p=5137"},"modified":"2025-06-13T01:14:02","modified_gmt":"2025-06-13T01:14:02","slug":"guante-de-latex-negro-industrial","status":"publish","type":"product","link":"https:\/\/geisamexico.com\/?product=guante-de-latex-negro-industrial","title":{"rendered":"Guante de l\u00e1tex negro industrial"},"content":{"rendered":"","protected":false},"excerpt":{"rendered":"<p>Guante de hule natural (l\u00e1tex) negro de 18&#8243; de largo (45cm), con pu\u00f1o rolado. Este guante es ideal para el manejo de \u00e1cidos c\u00e1usticos, el l\u00e1tex ofrece resistencia a gran variedad de agentes qu\u00edmicos en general. Su largo ofrece protecci\u00f3n adicional al antebrazo.<\/p>\n","protected":false},"featured_media":5138,"template":"","meta":{"content-type":""},"product_brand":[],"product_cat":[25],"product_tag":[],"class_list":{"0":"post-5137","1":"product","2":"type-product","3":"status-publish","4":"has-post-thumbnail","6":"product_cat-proteccion-para-manos","8":"first","9":"instock","10":"shipping-taxable","11":"purchasable","12":"product-type-simple"},"_links":{"self":[{"href":"https:\/\/geisamexico.com\/index.php?rest_route=\/wp\/v2\/product\/5137","targetHints":{"allow":["GET"]}}],"collection":[{"href":"https:\/\/geisamexico.com\/index.php?rest_route=\/wp\/v2\/product"}],"about":[{"href":"https:\/\/geisamexico.com\/index.php?rest_route=\/wp\/v2\/types\/product"}],"version-history":[{"count":2,"href":"https:\/\/geisamexico.com\/index.php?rest_route=\/wp\/v2\/product\/5137\/revisions"}],"predecessor-version":[{"id":5150,"href":"https:\/\/geisamexico.com\/index.php?rest_route=\/wp\/v2\/product\/5137\/revisions\/5150"}],"wp:featuredmedia":[{"embeddable":true,"href":"https:\/\/geisamexico.com\/index.php?rest_route=\/wp\/v2\/media\/5138"}],"wp:attachment":[{"href":"https:\/\/geisamexico.com\/index.php?rest_route=%2Fwp%2Fv2%2Fmedia&parent=5137"}],"wp:term":[{"taxonomy":"product_brand","embeddable":true,"href":"https:\/\/geisamexico.com\/index.php?rest_route=%2Fwp%2Fv2%2Fproduct_brand&post=5137"},{"taxonomy":"product_cat","embeddable":true,"href":"https:\/\/geisamexico.com\/index.php?rest_route=%2Fwp%2Fv2%2Fproduct_cat&post=5137"},{"taxonomy":"product_tag","embeddable":true,"href":"https:\/\/geisamexico.com\/index.php?rest_route=%2Fwp%2Fv2%2Fproduct_tag&post=5137"}],"curies":[{"name":"wp","href":"https:\/\/api.w.org\/{rel}","templated":true}]}}