{"id":5130,"date":"2025-06-11T00:01:52","date_gmt":"2025-06-11T00:01:52","guid":{"rendered":"https:\/\/geisamexico.com\/?post_type=product&#038;p=5130"},"modified":"2025-06-11T00:01:52","modified_gmt":"2025-06-11T00:01:52","slug":"guante-de-nylon-con-recubrimiento-de-nitrilo-espumado","status":"publish","type":"product","link":"https:\/\/geisamexico.com\/?product=guante-de-nylon-con-recubrimiento-de-nitrilo-espumado","title":{"rendered":"Guante de nylon con recubrimiento de nitrilo espumado"},"content":{"rendered":"","protected":false},"excerpt":{"rendered":"<p>Guante de tejido de nylon gris con recubrimiento de nitrilo espumado negro en dedos y palma. Gran maniobrabilidad en trabajos mec\u00e1nicos que requieran alta destreza y precisi\u00f3n. Excelente en agarre en seco y con presencia moderada de aceites. Este guante cuenta con la certificaci\u00f3n EN388 para uso mec\u00e1nico.<\/p>\n","protected":false},"featured_media":5131,"template":"","meta":{"content-type":""},"product_brand":[],"product_cat":[25],"product_tag":[],"class_list":{"0":"post-5130","1":"product","2":"type-product","3":"status-publish","4":"has-post-thumbnail","6":"product_cat-proteccion-para-manos","8":"first","9":"instock","10":"shipping-taxable","11":"purchasable","12":"product-type-simple"},"_links":{"self":[{"href":"https:\/\/geisamexico.com\/index.php?rest_route=\/wp\/v2\/product\/5130","targetHints":{"allow":["GET"]}}],"collection":[{"href":"https:\/\/geisamexico.com\/index.php?rest_route=\/wp\/v2\/product"}],"about":[{"href":"https:\/\/geisamexico.com\/index.php?rest_route=\/wp\/v2\/types\/product"}],"version-history":[{"count":1,"href":"https:\/\/geisamexico.com\/index.php?rest_route=\/wp\/v2\/product\/5130\/revisions"}],"predecessor-version":[{"id":5132,"href":"https:\/\/geisamexico.com\/index.php?rest_route=\/wp\/v2\/product\/5130\/revisions\/5132"}],"wp:featuredmedia":[{"embeddable":true,"href":"https:\/\/geisamexico.com\/index.php?rest_route=\/wp\/v2\/media\/5131"}],"wp:attachment":[{"href":"https:\/\/geisamexico.com\/index.php?rest_route=%2Fwp%2Fv2%2Fmedia&parent=5130"}],"wp:term":[{"taxonomy":"product_brand","embeddable":true,"href":"https:\/\/geisamexico.com\/index.php?rest_route=%2Fwp%2Fv2%2Fproduct_brand&post=5130"},{"taxonomy":"product_cat","embeddable":true,"href":"https:\/\/geisamexico.com\/index.php?rest_route=%2Fwp%2Fv2%2Fproduct_cat&post=5130"},{"taxonomy":"product_tag","embeddable":true,"href":"https:\/\/geisamexico.com\/index.php?rest_route=%2Fwp%2Fv2%2Fproduct_tag&post=5130"}],"curies":[{"name":"wp","href":"https:\/\/api.w.org\/{rel}","templated":true}]}}