{"id":5118,"date":"2025-06-10T23:43:19","date_gmt":"2025-06-10T23:43:19","guid":{"rendered":"https:\/\/geisamexico.com\/?post_type=product&#038;p=5118"},"modified":"2025-06-10T23:43:19","modified_gmt":"2025-06-10T23:43:19","slug":"guante-de-piel-de-cerdo","status":"publish","type":"product","link":"https:\/\/geisamexico.com\/?product=guante-de-piel-de-cerdo","title":{"rendered":"Guante de piel de cerdo"},"content":{"rendered":"","protected":false},"excerpt":{"rendered":"<p class=\"p1\">Guante fabricado en flor de piel de cerdo curtida al cromo doble engrase tipo argonero, con bies en el pu\u00f1o por seguridad identificaci\u00f3n, con amarre (traba, correa) o el\u00e1stico seg\u00fan lo requiera el cliente cocido con hilo de poli\u00e9ster y algod\u00f3n de calibre 60 y 80.<\/p>\n<p class=\"p1\">El cuero posee excelente propiedades en resistencia y puede utilizarse contra diversos riesgos, sin embargo no hay que pretender utilizar en todo sin antes hacer una evaluaci\u00f3n para su uso.<\/p>\n","protected":false},"featured_media":5119,"template":"","meta":{"content-type":""},"product_brand":[],"product_cat":[25],"product_tag":[],"class_list":{"0":"post-5118","1":"product","2":"type-product","3":"status-publish","4":"has-post-thumbnail","6":"product_cat-proteccion-para-manos","8":"first","9":"instock","10":"shipping-taxable","11":"purchasable","12":"product-type-simple"},"_links":{"self":[{"href":"https:\/\/geisamexico.com\/index.php?rest_route=\/wp\/v2\/product\/5118","targetHints":{"allow":["GET"]}}],"collection":[{"href":"https:\/\/geisamexico.com\/index.php?rest_route=\/wp\/v2\/product"}],"about":[{"href":"https:\/\/geisamexico.com\/index.php?rest_route=\/wp\/v2\/types\/product"}],"version-history":[{"count":1,"href":"https:\/\/geisamexico.com\/index.php?rest_route=\/wp\/v2\/product\/5118\/revisions"}],"predecessor-version":[{"id":5120,"href":"https:\/\/geisamexico.com\/index.php?rest_route=\/wp\/v2\/product\/5118\/revisions\/5120"}],"wp:featuredmedia":[{"embeddable":true,"href":"https:\/\/geisamexico.com\/index.php?rest_route=\/wp\/v2\/media\/5119"}],"wp:attachment":[{"href":"https:\/\/geisamexico.com\/index.php?rest_route=%2Fwp%2Fv2%2Fmedia&parent=5118"}],"wp:term":[{"taxonomy":"product_brand","embeddable":true,"href":"https:\/\/geisamexico.com\/index.php?rest_route=%2Fwp%2Fv2%2Fproduct_brand&post=5118"},{"taxonomy":"product_cat","embeddable":true,"href":"https:\/\/geisamexico.com\/index.php?rest_route=%2Fwp%2Fv2%2Fproduct_cat&post=5118"},{"taxonomy":"product_tag","embeddable":true,"href":"https:\/\/geisamexico.com\/index.php?rest_route=%2Fwp%2Fv2%2Fproduct_tag&post=5118"}],"curies":[{"name":"wp","href":"https:\/\/api.w.org\/{rel}","templated":true}]}}