{"id":5096,"date":"2025-06-10T23:30:25","date_gmt":"2025-06-10T23:30:25","guid":{"rendered":"https:\/\/geisamexico.com\/?post_type=product&#038;p=5096"},"modified":"2025-06-10T23:30:25","modified_gmt":"2025-06-10T23:30:25","slug":"guante-tipo-japones-con-latex","status":"publish","type":"product","link":"https:\/\/geisamexico.com\/?product=guante-tipo-japones-con-latex","title":{"rendered":"Guante tipo japon\u00e9s con l\u00e1tex"},"content":{"rendered":"","protected":false},"excerpt":{"rendered":"<p>Guante fabricado de poli\u00e9ster con algod\u00f3n con revestimiento de lat\u00e9x azul en palma, pu\u00f1o tejido de punto ribeteado. Este guante ofrece excelente resistencia a pinchaduras y algunos procesos de corte, la ausencia de costuras logra que este modelo sea muy confortable y fresco, garantizando un agarre muy firme en superficies secas o h\u00famedas.<\/p>\n","protected":false},"featured_media":5103,"template":"","meta":{"content-type":""},"product_brand":[],"product_cat":[25],"product_tag":[],"class_list":{"0":"post-5096","1":"product","2":"type-product","3":"status-publish","4":"has-post-thumbnail","6":"product_cat-proteccion-para-manos","8":"first","9":"instock","10":"shipping-taxable","11":"purchasable","12":"product-type-simple"},"_links":{"self":[{"href":"https:\/\/geisamexico.com\/index.php?rest_route=\/wp\/v2\/product\/5096","targetHints":{"allow":["GET"]}}],"collection":[{"href":"https:\/\/geisamexico.com\/index.php?rest_route=\/wp\/v2\/product"}],"about":[{"href":"https:\/\/geisamexico.com\/index.php?rest_route=\/wp\/v2\/types\/product"}],"version-history":[{"count":1,"href":"https:\/\/geisamexico.com\/index.php?rest_route=\/wp\/v2\/product\/5096\/revisions"}],"predecessor-version":[{"id":5104,"href":"https:\/\/geisamexico.com\/index.php?rest_route=\/wp\/v2\/product\/5096\/revisions\/5104"}],"wp:featuredmedia":[{"embeddable":true,"href":"https:\/\/geisamexico.com\/index.php?rest_route=\/wp\/v2\/media\/5103"}],"wp:attachment":[{"href":"https:\/\/geisamexico.com\/index.php?rest_route=%2Fwp%2Fv2%2Fmedia&parent=5096"}],"wp:term":[{"taxonomy":"product_brand","embeddable":true,"href":"https:\/\/geisamexico.com\/index.php?rest_route=%2Fwp%2Fv2%2Fproduct_brand&post=5096"},{"taxonomy":"product_cat","embeddable":true,"href":"https:\/\/geisamexico.com\/index.php?rest_route=%2Fwp%2Fv2%2Fproduct_cat&post=5096"},{"taxonomy":"product_tag","embeddable":true,"href":"https:\/\/geisamexico.com\/index.php?rest_route=%2Fwp%2Fv2%2Fproduct_tag&post=5096"}],"curies":[{"name":"wp","href":"https:\/\/api.w.org\/{rel}","templated":true}]}}