{"id":5058,"date":"2025-06-10T21:36:36","date_gmt":"2025-06-10T21:36:36","guid":{"rendered":"https:\/\/geisamexico.com\/?post_type=product&#038;p=5058"},"modified":"2025-06-10T21:42:59","modified_gmt":"2025-06-10T21:42:59","slug":"casco-de-ala-ancha-con-suspension-de-matraca","status":"publish","type":"product","link":"https:\/\/geisamexico.com\/?product=casco-de-ala-ancha-con-suspension-de-matraca","title":{"rendered":"Casco de ala ancha con suspensi\u00f3n de matraca"},"content":{"rendered":"","protected":false},"excerpt":{"rendered":"<ul>\n<li class=\"p1\">Casco ala ancha ajuste de matraca.<\/li>\n<li class=\"p1\">Fabricado con material de termopl\u00e1stico.<\/li>\n<li class=\"p1\">Suspensi\u00f3n de 4 puntos, ajuste de matraca.<\/li>\n<li class=\"p1\">Resistencia a la tensi\u00f3n el\u00e9ctrica de hasta 30,000 volts, contra impactos y altas temperaturas.<\/li>\n<li class=\"p1\">Clase E, G y C (Diel\u00e9ctrico).<\/li>\n<li class=\"p2\">Cubre la NOM-115-STPS-2009, ANSI\/ISEA Z89. 1-2014, ESPECIFICACI\u00d3N CFE 8H341-02, PEMEX-EST-SS-058- 2018, NMX-S-055-SCFI-2009<span class=\"s1\">.<\/span><\/li>\n<li class=\"p1\">Ideal para trabajadores expuestos a cables de alta tensi\u00f3n el\u00e9ctrica, miner\u00eda y trabajos a la intemperie (protege de los rayos solares).<\/li>\n<\/ul>\n","protected":false},"featured_media":5059,"template":"","meta":{"content-type":""},"product_brand":[],"product_cat":[23],"product_tag":[],"class_list":{"0":"post-5058","1":"product","2":"type-product","3":"status-publish","4":"has-post-thumbnail","6":"product_cat-proteccion-para-cabeza","8":"first","9":"instock","10":"shipping-taxable","11":"purchasable","12":"product-type-simple"},"_links":{"self":[{"href":"https:\/\/geisamexico.com\/index.php?rest_route=\/wp\/v2\/product\/5058","targetHints":{"allow":["GET"]}}],"collection":[{"href":"https:\/\/geisamexico.com\/index.php?rest_route=\/wp\/v2\/product"}],"about":[{"href":"https:\/\/geisamexico.com\/index.php?rest_route=\/wp\/v2\/types\/product"}],"version-history":[{"count":1,"href":"https:\/\/geisamexico.com\/index.php?rest_route=\/wp\/v2\/product\/5058\/revisions"}],"predecessor-version":[{"id":5060,"href":"https:\/\/geisamexico.com\/index.php?rest_route=\/wp\/v2\/product\/5058\/revisions\/5060"}],"wp:featuredmedia":[{"embeddable":true,"href":"https:\/\/geisamexico.com\/index.php?rest_route=\/wp\/v2\/media\/5059"}],"wp:attachment":[{"href":"https:\/\/geisamexico.com\/index.php?rest_route=%2Fwp%2Fv2%2Fmedia&parent=5058"}],"wp:term":[{"taxonomy":"product_brand","embeddable":true,"href":"https:\/\/geisamexico.com\/index.php?rest_route=%2Fwp%2Fv2%2Fproduct_brand&post=5058"},{"taxonomy":"product_cat","embeddable":true,"href":"https:\/\/geisamexico.com\/index.php?rest_route=%2Fwp%2Fv2%2Fproduct_cat&post=5058"},{"taxonomy":"product_tag","embeddable":true,"href":"https:\/\/geisamexico.com\/index.php?rest_route=%2Fwp%2Fv2%2Fproduct_tag&post=5058"}],"curies":[{"name":"wp","href":"https:\/\/api.w.org\/{rel}","templated":true}]}}