{"id":5055,"date":"2025-06-10T21:34:08","date_gmt":"2025-06-10T21:34:08","guid":{"rendered":"https:\/\/geisamexico.com\/?post_type=product&#038;p=5055"},"modified":"2025-06-10T21:34:08","modified_gmt":"2025-06-10T21:34:08","slug":"cono-plegable","status":"publish","type":"product","link":"https:\/\/geisamexico.com\/?product=cono-plegable","title":{"rendered":"Cono plegable"},"content":{"rendered":"","protected":false},"excerpt":{"rendered":"<p>Dispositivo para delimitar \u00e1reas, se\u00f1alar obras en construcci\u00f3n o precauci\u00f3n de alerta al usuario.<\/p>\n","protected":false},"featured_media":5056,"template":"","meta":{"content-type":""},"product_brand":[],"product_cat":[28],"product_tag":[],"class_list":{"0":"post-5055","1":"product","2":"type-product","3":"status-publish","4":"has-post-thumbnail","6":"product_cat-proteccion-y-vialidad","8":"first","9":"instock","10":"shipping-taxable","11":"purchasable","12":"product-type-simple"},"_links":{"self":[{"href":"https:\/\/geisamexico.com\/index.php?rest_route=\/wp\/v2\/product\/5055","targetHints":{"allow":["GET"]}}],"collection":[{"href":"https:\/\/geisamexico.com\/index.php?rest_route=\/wp\/v2\/product"}],"about":[{"href":"https:\/\/geisamexico.com\/index.php?rest_route=\/wp\/v2\/types\/product"}],"version-history":[{"count":1,"href":"https:\/\/geisamexico.com\/index.php?rest_route=\/wp\/v2\/product\/5055\/revisions"}],"predecessor-version":[{"id":5057,"href":"https:\/\/geisamexico.com\/index.php?rest_route=\/wp\/v2\/product\/5055\/revisions\/5057"}],"wp:featuredmedia":[{"embeddable":true,"href":"https:\/\/geisamexico.com\/index.php?rest_route=\/wp\/v2\/media\/5056"}],"wp:attachment":[{"href":"https:\/\/geisamexico.com\/index.php?rest_route=%2Fwp%2Fv2%2Fmedia&parent=5055"}],"wp:term":[{"taxonomy":"product_brand","embeddable":true,"href":"https:\/\/geisamexico.com\/index.php?rest_route=%2Fwp%2Fv2%2Fproduct_brand&post=5055"},{"taxonomy":"product_cat","embeddable":true,"href":"https:\/\/geisamexico.com\/index.php?rest_route=%2Fwp%2Fv2%2Fproduct_cat&post=5055"},{"taxonomy":"product_tag","embeddable":true,"href":"https:\/\/geisamexico.com\/index.php?rest_route=%2Fwp%2Fv2%2Fproduct_tag&post=5055"}],"curies":[{"name":"wp","href":"https:\/\/api.w.org\/{rel}","templated":true}]}}