{"id":5052,"date":"2025-06-10T21:30:56","date_gmt":"2025-06-10T21:30:56","guid":{"rendered":"https:\/\/geisamexico.com\/?post_type=product&#038;p=5052"},"modified":"2025-06-10T21:30:56","modified_gmt":"2025-06-10T21:30:56","slug":"cono-indicador-de-viento-bicolor","status":"publish","type":"product","link":"https:\/\/geisamexico.com\/?product=cono-indicador-de-viento-bicolor","title":{"rendered":"Cono indicador de viento bicolor"},"content":{"rendered":"","protected":false},"excerpt":{"rendered":"<p>Cono indicador de viento bicolor en 10&#8243; y 18&#8243; de di\u00e1metro de alta visibilidad. Esencial para aeropuertos, plantas de producci\u00f3n y de qu\u00edmicos, determina al instante la direcci\u00f3n del viento ante una emergencia.<\/p>\n","protected":false},"featured_media":5053,"template":"","meta":{"content-type":""},"product_brand":[],"product_cat":[28],"product_tag":[],"class_list":{"0":"post-5052","1":"product","2":"type-product","3":"status-publish","4":"has-post-thumbnail","6":"product_cat-proteccion-y-vialidad","8":"first","9":"instock","10":"shipping-taxable","11":"purchasable","12":"product-type-simple"},"_links":{"self":[{"href":"https:\/\/geisamexico.com\/index.php?rest_route=\/wp\/v2\/product\/5052","targetHints":{"allow":["GET"]}}],"collection":[{"href":"https:\/\/geisamexico.com\/index.php?rest_route=\/wp\/v2\/product"}],"about":[{"href":"https:\/\/geisamexico.com\/index.php?rest_route=\/wp\/v2\/types\/product"}],"version-history":[{"count":1,"href":"https:\/\/geisamexico.com\/index.php?rest_route=\/wp\/v2\/product\/5052\/revisions"}],"predecessor-version":[{"id":5054,"href":"https:\/\/geisamexico.com\/index.php?rest_route=\/wp\/v2\/product\/5052\/revisions\/5054"}],"wp:featuredmedia":[{"embeddable":true,"href":"https:\/\/geisamexico.com\/index.php?rest_route=\/wp\/v2\/media\/5053"}],"wp:attachment":[{"href":"https:\/\/geisamexico.com\/index.php?rest_route=%2Fwp%2Fv2%2Fmedia&parent=5052"}],"wp:term":[{"taxonomy":"product_brand","embeddable":true,"href":"https:\/\/geisamexico.com\/index.php?rest_route=%2Fwp%2Fv2%2Fproduct_brand&post=5052"},{"taxonomy":"product_cat","embeddable":true,"href":"https:\/\/geisamexico.com\/index.php?rest_route=%2Fwp%2Fv2%2Fproduct_cat&post=5052"},{"taxonomy":"product_tag","embeddable":true,"href":"https:\/\/geisamexico.com\/index.php?rest_route=%2Fwp%2Fv2%2Fproduct_tag&post=5052"}],"curies":[{"name":"wp","href":"https:\/\/api.w.org\/{rel}","templated":true}]}}