{"id":5049,"date":"2025-06-10T21:27:53","date_gmt":"2025-06-10T21:27:53","guid":{"rendered":"https:\/\/geisamexico.com\/?post_type=product&#038;p=5049"},"modified":"2025-06-10T21:27:53","modified_gmt":"2025-06-10T21:27:53","slug":"herraje-para-cono-de-direccion-de-viento","status":"publish","type":"product","link":"https:\/\/geisamexico.com\/?product=herraje-para-cono-de-direccion-de-viento","title":{"rendered":"Herraje para cono de direcci\u00f3n de viento"},"content":{"rendered":"","protected":false},"excerpt":{"rendered":"<ul>\n<li class=\"p1\">Art\u00edculo de seguridad esencial para aeropuertos, plantas de producci\u00f3n y de qu\u00edmicos.<\/li>\n<li class=\"p1\">Determine al instante la direcci\u00f3n del viento ante una emergencia.<\/li>\n<li class=\"p1\">Fabricado en acero redondo met\u00e1lico 3 1\/6, Pintado en color aluminio anticorrosivo.<\/li>\n<li class=\"p1\">Adaptador de tubo en acero medida interior de 1\u201d 3\/16 que sirve como soporte para fijarlo y permitir el movimiento del cono a la direcci\u00f3n del viento.<\/li>\n<\/ul>\n","protected":false},"featured_media":5050,"template":"","meta":{"content-type":""},"product_brand":[],"product_cat":[28],"product_tag":[],"class_list":{"0":"post-5049","1":"product","2":"type-product","3":"status-publish","4":"has-post-thumbnail","6":"product_cat-proteccion-y-vialidad","8":"first","9":"instock","10":"shipping-taxable","11":"purchasable","12":"product-type-simple"},"_links":{"self":[{"href":"https:\/\/geisamexico.com\/index.php?rest_route=\/wp\/v2\/product\/5049","targetHints":{"allow":["GET"]}}],"collection":[{"href":"https:\/\/geisamexico.com\/index.php?rest_route=\/wp\/v2\/product"}],"about":[{"href":"https:\/\/geisamexico.com\/index.php?rest_route=\/wp\/v2\/types\/product"}],"version-history":[{"count":1,"href":"https:\/\/geisamexico.com\/index.php?rest_route=\/wp\/v2\/product\/5049\/revisions"}],"predecessor-version":[{"id":5051,"href":"https:\/\/geisamexico.com\/index.php?rest_route=\/wp\/v2\/product\/5049\/revisions\/5051"}],"wp:featuredmedia":[{"embeddable":true,"href":"https:\/\/geisamexico.com\/index.php?rest_route=\/wp\/v2\/media\/5050"}],"wp:attachment":[{"href":"https:\/\/geisamexico.com\/index.php?rest_route=%2Fwp%2Fv2%2Fmedia&parent=5049"}],"wp:term":[{"taxonomy":"product_brand","embeddable":true,"href":"https:\/\/geisamexico.com\/index.php?rest_route=%2Fwp%2Fv2%2Fproduct_brand&post=5049"},{"taxonomy":"product_cat","embeddable":true,"href":"https:\/\/geisamexico.com\/index.php?rest_route=%2Fwp%2Fv2%2Fproduct_cat&post=5049"},{"taxonomy":"product_tag","embeddable":true,"href":"https:\/\/geisamexico.com\/index.php?rest_route=%2Fwp%2Fv2%2Fproduct_tag&post=5049"}],"curies":[{"name":"wp","href":"https:\/\/api.w.org\/{rel}","templated":true}]}}