{"id":5034,"date":"2025-06-10T20:33:52","date_gmt":"2025-06-10T20:33:52","guid":{"rendered":"https:\/\/geisamexico.com\/?post_type=product&#038;p=5034"},"modified":"2025-06-10T22:56:21","modified_gmt":"2025-06-10T22:56:21","slug":"playera-manga-larga-hv-con-reflejante","status":"publish","type":"product","link":"https:\/\/geisamexico.com\/?product=playera-manga-larga-hv-con-reflejante","title":{"rendered":"Playera manga larga hv con reflejante"},"content":{"rendered":"","protected":false},"excerpt":{"rendered":"<p>Prenda fabricada en tela suave, c\u00f3moda y transpirable que cuenta con una bolsa a la altura del pecho y pu\u00f1os tipo calcet\u00edn.<\/p>\n","protected":false},"featured_media":5035,"template":"","meta":{"content-type":""},"product_brand":[],"product_cat":[21],"product_tag":[],"class_list":{"0":"post-5034","1":"product","2":"type-product","3":"status-publish","4":"has-post-thumbnail","6":"product_cat-proteccion-corporal","8":"first","9":"instock","10":"shipping-taxable","11":"purchasable","12":"product-type-simple"},"_links":{"self":[{"href":"https:\/\/geisamexico.com\/index.php?rest_route=\/wp\/v2\/product\/5034","targetHints":{"allow":["GET"]}}],"collection":[{"href":"https:\/\/geisamexico.com\/index.php?rest_route=\/wp\/v2\/product"}],"about":[{"href":"https:\/\/geisamexico.com\/index.php?rest_route=\/wp\/v2\/types\/product"}],"version-history":[{"count":2,"href":"https:\/\/geisamexico.com\/index.php?rest_route=\/wp\/v2\/product\/5034\/revisions"}],"predecessor-version":[{"id":5086,"href":"https:\/\/geisamexico.com\/index.php?rest_route=\/wp\/v2\/product\/5034\/revisions\/5086"}],"wp:featuredmedia":[{"embeddable":true,"href":"https:\/\/geisamexico.com\/index.php?rest_route=\/wp\/v2\/media\/5035"}],"wp:attachment":[{"href":"https:\/\/geisamexico.com\/index.php?rest_route=%2Fwp%2Fv2%2Fmedia&parent=5034"}],"wp:term":[{"taxonomy":"product_brand","embeddable":true,"href":"https:\/\/geisamexico.com\/index.php?rest_route=%2Fwp%2Fv2%2Fproduct_brand&post=5034"},{"taxonomy":"product_cat","embeddable":true,"href":"https:\/\/geisamexico.com\/index.php?rest_route=%2Fwp%2Fv2%2Fproduct_cat&post=5034"},{"taxonomy":"product_tag","embeddable":true,"href":"https:\/\/geisamexico.com\/index.php?rest_route=%2Fwp%2Fv2%2Fproduct_tag&post=5034"}],"curies":[{"name":"wp","href":"https:\/\/api.w.org\/{rel}","templated":true}]}}