{"id":5028,"date":"2025-06-10T16:10:48","date_gmt":"2025-06-10T16:10:48","guid":{"rendered":"https:\/\/geisamexico.com\/?post_type=product&#038;p=5028"},"modified":"2025-06-10T16:10:48","modified_gmt":"2025-06-10T16:10:48","slug":"lente-visitante-vision-1080-transparente","status":"publish","type":"product","link":"https:\/\/geisamexico.com\/?product=lente-visitante-vision-1080-transparente","title":{"rendered":"Lente visitante visi\u00f3n 1080 transparente"},"content":{"rendered":"","protected":false},"excerpt":{"rendered":"<p class=\"p1\">La l\u00ednea de protecci\u00f3n ocular de infra anteojos visi\u00f3n 180, ofrece un modelo novedoso que proporciona una gran cobertura y a su vez un amplio campo de visi\u00f3n. Transparente: para aplicaciones interiores donde las condiciones de luz son adecuadas. Los lente visi\u00f3n 180 : Est\u00e1n certificados conforme a los requisitos del lente de protecci\u00f3n de acuerdo a lo que establecen las normas internacionales. Norma Americana: ANSI-Z87.1 2010.<\/p>\n","protected":false},"featured_media":5029,"template":"","meta":{"content-type":""},"product_brand":[],"product_cat":[27],"product_tag":[],"class_list":{"0":"post-5028","1":"product","2":"type-product","3":"status-publish","4":"has-post-thumbnail","6":"product_cat-proteccion-visual","8":"first","9":"instock","10":"shipping-taxable","11":"purchasable","12":"product-type-simple"},"_links":{"self":[{"href":"https:\/\/geisamexico.com\/index.php?rest_route=\/wp\/v2\/product\/5028","targetHints":{"allow":["GET"]}}],"collection":[{"href":"https:\/\/geisamexico.com\/index.php?rest_route=\/wp\/v2\/product"}],"about":[{"href":"https:\/\/geisamexico.com\/index.php?rest_route=\/wp\/v2\/types\/product"}],"version-history":[{"count":1,"href":"https:\/\/geisamexico.com\/index.php?rest_route=\/wp\/v2\/product\/5028\/revisions"}],"predecessor-version":[{"id":5030,"href":"https:\/\/geisamexico.com\/index.php?rest_route=\/wp\/v2\/product\/5028\/revisions\/5030"}],"wp:featuredmedia":[{"embeddable":true,"href":"https:\/\/geisamexico.com\/index.php?rest_route=\/wp\/v2\/media\/5029"}],"wp:attachment":[{"href":"https:\/\/geisamexico.com\/index.php?rest_route=%2Fwp%2Fv2%2Fmedia&parent=5028"}],"wp:term":[{"taxonomy":"product_brand","embeddable":true,"href":"https:\/\/geisamexico.com\/index.php?rest_route=%2Fwp%2Fv2%2Fproduct_brand&post=5028"},{"taxonomy":"product_cat","embeddable":true,"href":"https:\/\/geisamexico.com\/index.php?rest_route=%2Fwp%2Fv2%2Fproduct_cat&post=5028"},{"taxonomy":"product_tag","embeddable":true,"href":"https:\/\/geisamexico.com\/index.php?rest_route=%2Fwp%2Fv2%2Fproduct_tag&post=5028"}],"curies":[{"name":"wp","href":"https:\/\/api.w.org\/{rel}","templated":true}]}}