{"id":5014,"date":"2025-06-10T15:55:06","date_gmt":"2025-06-10T15:55:06","guid":{"rendered":"https:\/\/geisamexico.com\/?post_type=product&#038;p=5014"},"modified":"2025-06-10T16:01:53","modified_gmt":"2025-06-10T16:01:53","slug":"arnes-de-posicionamiento-modelo-a2","status":"publish","type":"product","link":"https:\/\/geisamexico.com\/?product=arnes-de-posicionamiento-modelo-a2","title":{"rendered":"Arn\u00e9s de posicionamiento modelo A2"},"content":{"rendered":"","protected":false},"excerpt":{"rendered":"<p class=\"p1\">Equipo dise\u00f1ado para tareas de posicionamiento y de arresto de ca\u00edda. Su esbelto dise\u00f1o permite realizar trabajos en alturas con m\u00e1xima libertad, y menor peso, brindando el m\u00e1ximo confort en usuarios con necesidades espec\u00edficas de equipos ligeros. Es un equipo fabricado con cintas que se colocan alrededor de el t\u00f3rax, hombro y piernas, distribuyendo la carga de impacto. Cuenta con un (1) anillo met\u00e1lico tipo \u201cD\u201d en la zona dorsal para sistemas contra ca\u00eddas, y dos (2) a la altura de la cadera, para sistemas de posicionamiento.<\/p>\n","protected":false},"featured_media":5015,"template":"","meta":{"content-type":""},"product_brand":[],"product_cat":[29],"product_tag":[],"class_list":{"0":"post-5014","1":"product","2":"type-product","3":"status-publish","4":"has-post-thumbnail","6":"product_cat-trabajos-de-altura","8":"first","9":"instock","10":"shipping-taxable","11":"purchasable","12":"product-type-simple"},"_links":{"self":[{"href":"https:\/\/geisamexico.com\/index.php?rest_route=\/wp\/v2\/product\/5014","targetHints":{"allow":["GET"]}}],"collection":[{"href":"https:\/\/geisamexico.com\/index.php?rest_route=\/wp\/v2\/product"}],"about":[{"href":"https:\/\/geisamexico.com\/index.php?rest_route=\/wp\/v2\/types\/product"}],"version-history":[{"count":1,"href":"https:\/\/geisamexico.com\/index.php?rest_route=\/wp\/v2\/product\/5014\/revisions"}],"predecessor-version":[{"id":5017,"href":"https:\/\/geisamexico.com\/index.php?rest_route=\/wp\/v2\/product\/5014\/revisions\/5017"}],"wp:featuredmedia":[{"embeddable":true,"href":"https:\/\/geisamexico.com\/index.php?rest_route=\/wp\/v2\/media\/5015"}],"wp:attachment":[{"href":"https:\/\/geisamexico.com\/index.php?rest_route=%2Fwp%2Fv2%2Fmedia&parent=5014"}],"wp:term":[{"taxonomy":"product_brand","embeddable":true,"href":"https:\/\/geisamexico.com\/index.php?rest_route=%2Fwp%2Fv2%2Fproduct_brand&post=5014"},{"taxonomy":"product_cat","embeddable":true,"href":"https:\/\/geisamexico.com\/index.php?rest_route=%2Fwp%2Fv2%2Fproduct_cat&post=5014"},{"taxonomy":"product_tag","embeddable":true,"href":"https:\/\/geisamexico.com\/index.php?rest_route=%2Fwp%2Fv2%2Fproduct_tag&post=5014"}],"curies":[{"name":"wp","href":"https:\/\/api.w.org\/{rel}","templated":true}]}}