{"id":5011,"date":"2025-06-10T15:48:13","date_gmt":"2025-06-10T15:48:13","guid":{"rendered":"https:\/\/geisamexico.com\/?post_type=product&#038;p=5011"},"modified":"2025-06-10T15:48:14","modified_gmt":"2025-06-10T15:48:14","slug":"arnes-contra-caidas-modelo-a1e","status":"publish","type":"product","link":"https:\/\/geisamexico.com\/?product=arnes-contra-caidas-modelo-a1e","title":{"rendered":"Arn\u00e9s contra ca\u00eddas modelo A1E"},"content":{"rendered":"","protected":false},"excerpt":{"rendered":"<p class=\"p1\">Equipo dise\u00f1ado espec\u00edficamente para contrarrestar una ca\u00edda. Su dise\u00f1o permite realizar trabajos en alturas con m\u00e1xima libertad, y alto confort en usuarios con requerimientos de equipo ligero, sencillo y altamente resistente a duras jornadas de trabajo. Es un equipo fabricado con cintas que se colocan alrededor de el t\u00f3rax, hombro y piernas, distribuyendo la carga de impacto. Cuenta con un (1) anillo met\u00e1lico tipo \u201cD\u201d; en la zona dorsal para configuraci\u00f3n de sistemas de protecci\u00f3n contra ca\u00eddas.<\/p>\n","protected":false},"featured_media":5008,"template":"","meta":{"content-type":""},"product_brand":[],"product_cat":[29],"product_tag":[],"class_list":{"0":"post-5011","1":"product","2":"type-product","3":"status-publish","4":"has-post-thumbnail","6":"product_cat-trabajos-de-altura","8":"first","9":"instock","10":"shipping-taxable","11":"purchasable","12":"product-type-simple"},"_links":{"self":[{"href":"https:\/\/geisamexico.com\/index.php?rest_route=\/wp\/v2\/product\/5011","targetHints":{"allow":["GET"]}}],"collection":[{"href":"https:\/\/geisamexico.com\/index.php?rest_route=\/wp\/v2\/product"}],"about":[{"href":"https:\/\/geisamexico.com\/index.php?rest_route=\/wp\/v2\/types\/product"}],"version-history":[{"count":1,"href":"https:\/\/geisamexico.com\/index.php?rest_route=\/wp\/v2\/product\/5011\/revisions"}],"predecessor-version":[{"id":5012,"href":"https:\/\/geisamexico.com\/index.php?rest_route=\/wp\/v2\/product\/5011\/revisions\/5012"}],"wp:featuredmedia":[{"embeddable":true,"href":"https:\/\/geisamexico.com\/index.php?rest_route=\/wp\/v2\/media\/5008"}],"wp:attachment":[{"href":"https:\/\/geisamexico.com\/index.php?rest_route=%2Fwp%2Fv2%2Fmedia&parent=5011"}],"wp:term":[{"taxonomy":"product_brand","embeddable":true,"href":"https:\/\/geisamexico.com\/index.php?rest_route=%2Fwp%2Fv2%2Fproduct_brand&post=5011"},{"taxonomy":"product_cat","embeddable":true,"href":"https:\/\/geisamexico.com\/index.php?rest_route=%2Fwp%2Fv2%2Fproduct_cat&post=5011"},{"taxonomy":"product_tag","embeddable":true,"href":"https:\/\/geisamexico.com\/index.php?rest_route=%2Fwp%2Fv2%2Fproduct_tag&post=5011"}],"curies":[{"name":"wp","href":"https:\/\/api.w.org\/{rel}","templated":true}]}}