{"id":4980,"date":"2025-06-10T02:53:28","date_gmt":"2025-06-10T02:53:28","guid":{"rendered":"https:\/\/geisamexico.com\/?post_type=product&#038;p=4980"},"modified":"2025-06-10T02:53:28","modified_gmt":"2025-06-10T02:53:28","slug":"chaleco-tipo-cazador","status":"publish","type":"product","link":"https:\/\/geisamexico.com\/?product=chaleco-tipo-cazador","title":{"rendered":"Chaleco tipo cazador"},"content":{"rendered":"","protected":false},"excerpt":{"rendered":"<ul>\n<li class=\"p1\">Fabricado en gabardina composici\u00f3n 80%algod\u00f3n 20% poli\u00e9ster y en malla calado PUK.<\/li>\n<li class=\"p1\">Dos bolsas amplias tipo cartera con contactel, una bolsa doble para bol\u00edgrafo y una para <span class=\"s1\">celular.<\/span><\/li>\n<li class=\"p1\">Dos bolsas en calado PUK de 20cm de ancho x 18 cm de alto con cierre altamente resistente de pl\u00e1stico para evitar accidentes.<\/li>\n<li class=\"p1\">Bolsa de espalda en gabardina para planos con reflejante de 2\u201d de ancho.<\/li>\n<li class=\"p1\">Reflejante de 2\u201d de ancho en espalda, hombros y bolsas<\/li>\n<li class=\"p1\"><span class=\"s1\">Dos bolsas de descanso con costura reforzada para evitar el desgaste.<\/span><\/li>\n<\/ul>\n","protected":false},"featured_media":4981,"template":"","meta":{"content-type":""},"product_brand":[],"product_cat":[100,21],"product_tag":[],"class_list":{"0":"post-4980","1":"product","2":"type-product","3":"status-publish","4":"has-post-thumbnail","6":"product_cat-chalecos","7":"product_cat-proteccion-corporal","9":"first","10":"instock","11":"shipping-taxable","12":"purchasable","13":"product-type-simple"},"_links":{"self":[{"href":"https:\/\/geisamexico.com\/index.php?rest_route=\/wp\/v2\/product\/4980","targetHints":{"allow":["GET"]}}],"collection":[{"href":"https:\/\/geisamexico.com\/index.php?rest_route=\/wp\/v2\/product"}],"about":[{"href":"https:\/\/geisamexico.com\/index.php?rest_route=\/wp\/v2\/types\/product"}],"version-history":[{"count":1,"href":"https:\/\/geisamexico.com\/index.php?rest_route=\/wp\/v2\/product\/4980\/revisions"}],"predecessor-version":[{"id":4984,"href":"https:\/\/geisamexico.com\/index.php?rest_route=\/wp\/v2\/product\/4980\/revisions\/4984"}],"wp:featuredmedia":[{"embeddable":true,"href":"https:\/\/geisamexico.com\/index.php?rest_route=\/wp\/v2\/media\/4981"}],"wp:attachment":[{"href":"https:\/\/geisamexico.com\/index.php?rest_route=%2Fwp%2Fv2%2Fmedia&parent=4980"}],"wp:term":[{"taxonomy":"product_brand","embeddable":true,"href":"https:\/\/geisamexico.com\/index.php?rest_route=%2Fwp%2Fv2%2Fproduct_brand&post=4980"},{"taxonomy":"product_cat","embeddable":true,"href":"https:\/\/geisamexico.com\/index.php?rest_route=%2Fwp%2Fv2%2Fproduct_cat&post=4980"},{"taxonomy":"product_tag","embeddable":true,"href":"https:\/\/geisamexico.com\/index.php?rest_route=%2Fwp%2Fv2%2Fproduct_tag&post=4980"}],"curies":[{"name":"wp","href":"https:\/\/api.w.org\/{rel}","templated":true}]}}