{"id":4962,"date":"2025-06-09T23:45:47","date_gmt":"2025-06-09T23:45:47","guid":{"rendered":"https:\/\/geisamexico.com\/?post_type=product&#038;p=4962"},"modified":"2025-06-09T23:45:47","modified_gmt":"2025-06-09T23:45:47","slug":"polaina-contra-viboras-suricata-v5-arctodus","status":"publish","type":"product","link":"https:\/\/geisamexico.com\/?product=polaina-contra-viboras-suricata-v5-arctodus","title":{"rendered":"Polaina contra v\u00edboras Suricata V5 Arctodus"},"content":{"rendered":"","protected":false},"excerpt":{"rendered":"<p class=\"p1\"><strong>\u00bfPor qu\u00e9 necesito este equipo de protecci\u00f3n?<\/strong><\/p>\n<p class=\"p1\"><span class=\"s1\">Porque en caso de ser mordido por una serpiente hay que cuestionarnos:<\/span><\/p>\n<ol>\n<li class=\"p1\"><span class=\"s1\">\u00bfQu\u00e9 hacer?<\/span><\/li>\n<li class=\"p1\"><span class=\"s1\">\u00bfHay botiqu\u00edn de primeros auxilios a la mano? \u00bfSe c\u00f3mo usarlo?<\/span><\/li>\n<li class=\"p1\"><span class=\"s1\">\u00bfLa serpiente es venenosa o no? \u00bfLa identifique?<\/span><\/li>\n<li class=\"p1\"><span class=\"s1\">\u00bfLa mordida fue seca o si inyect\u00f3 veneno?, El 30% de las mordidas son secas \u00bfC\u00f3mo saberlo?<\/span><\/li>\n<li class=\"p1\"><span class=\"s1\">\u00bfA qu\u00e9 distancia y tiempo esta el centro m\u00e9dico m\u00e1s cercano?<\/span><\/li>\n<li class=\"p1\"><span class=\"s1\">\u00bfLlegar\u00e9 a tiempo al centro m\u00e9dico?<\/span><\/li>\n<li class=\"p1\"><span class=\"s1\">\u00bfTendr\u00e1n el ant\u00eddoto en el centro m\u00e9dico m\u00e1s cercano?<\/span><\/li>\n<li class=\"p1\"><span class=\"s1\">\u00bfQu\u00e9 tipo de serpiente te mordi\u00f3?, Importante para la aplicaci\u00f3n del ant\u00eddoto.<\/span><\/li>\n<li class=\"p1\"><span class=\"s1\">\u00bfTendr\u00e1n la dosis suficiente que necesitas?<\/span><\/li>\n<li class=\"p1\">\u00bfCu\u00e1nto cuesta el ant\u00eddoto?<\/li>\n<li class=\"p1\"><span class=\"s1\">\u00bfTengo seguro de gastos m\u00e9dicos para cubrir la atenci\u00f3n m\u00e9dica?<\/span><\/li>\n<\/ol>\n<p class=\"p1\">Adem\u00e1s de proteger de las mordidas de estos reptiles las polainas ofrecen protecci\u00f3n de espinas de cact\u00e1ceas y arbustos; simplemente se va a caminar con una mayor tranquilidad.<\/p>\n","protected":false},"featured_media":4964,"template":"","meta":{"content-type":""},"product_brand":[],"product_cat":[21],"product_tag":[],"class_list":{"0":"post-4962","1":"product","2":"type-product","3":"status-publish","4":"has-post-thumbnail","6":"product_cat-proteccion-corporal","8":"first","9":"instock","10":"shipping-taxable","11":"purchasable","12":"product-type-simple"},"_links":{"self":[{"href":"https:\/\/geisamexico.com\/index.php?rest_route=\/wp\/v2\/product\/4962","targetHints":{"allow":["GET"]}}],"collection":[{"href":"https:\/\/geisamexico.com\/index.php?rest_route=\/wp\/v2\/product"}],"about":[{"href":"https:\/\/geisamexico.com\/index.php?rest_route=\/wp\/v2\/types\/product"}],"version-history":[{"count":1,"href":"https:\/\/geisamexico.com\/index.php?rest_route=\/wp\/v2\/product\/4962\/revisions"}],"predecessor-version":[{"id":4965,"href":"https:\/\/geisamexico.com\/index.php?rest_route=\/wp\/v2\/product\/4962\/revisions\/4965"}],"wp:featuredmedia":[{"embeddable":true,"href":"https:\/\/geisamexico.com\/index.php?rest_route=\/wp\/v2\/media\/4964"}],"wp:attachment":[{"href":"https:\/\/geisamexico.com\/index.php?rest_route=%2Fwp%2Fv2%2Fmedia&parent=4962"}],"wp:term":[{"taxonomy":"product_brand","embeddable":true,"href":"https:\/\/geisamexico.com\/index.php?rest_route=%2Fwp%2Fv2%2Fproduct_brand&post=4962"},{"taxonomy":"product_cat","embeddable":true,"href":"https:\/\/geisamexico.com\/index.php?rest_route=%2Fwp%2Fv2%2Fproduct_cat&post=4962"},{"taxonomy":"product_tag","embeddable":true,"href":"https:\/\/geisamexico.com\/index.php?rest_route=%2Fwp%2Fv2%2Fproduct_tag&post=4962"}],"curies":[{"name":"wp","href":"https:\/\/api.w.org\/{rel}","templated":true}]}}