{"id":4949,"date":"2025-06-09T23:28:48","date_gmt":"2025-06-09T23:28:48","guid":{"rendered":"https:\/\/geisamexico.com\/?post_type=product&#038;p=4949"},"modified":"2025-06-09T23:28:48","modified_gmt":"2025-06-09T23:28:48","slug":"overol-industrial","status":"publish","type":"product","link":"https:\/\/geisamexico.com\/?product=overol-industrial","title":{"rendered":"Overol Industrial"},"content":{"rendered":"","protected":false},"excerpt":{"rendered":"<p>Conformado en camisa con cuello sport de manga larga con pu\u00f1os reforzados que cuenta con una bolsa tipo parche en la parte frontal. El pantal\u00f3n cuenta con dos bolsas delanteras, dos bolsas tipo parche y cuenta con un ajuste el\u00e1stico en la parte trasera y cierre met\u00e1lico al frente.<\/p>\n","protected":false},"featured_media":4950,"template":"","meta":{"content-type":""},"product_brand":[],"product_cat":[21],"product_tag":[],"class_list":{"0":"post-4949","1":"product","2":"type-product","3":"status-publish","4":"has-post-thumbnail","6":"product_cat-proteccion-corporal","8":"first","9":"instock","10":"shipping-taxable","11":"purchasable","12":"product-type-simple"},"_links":{"self":[{"href":"https:\/\/geisamexico.com\/index.php?rest_route=\/wp\/v2\/product\/4949","targetHints":{"allow":["GET"]}}],"collection":[{"href":"https:\/\/geisamexico.com\/index.php?rest_route=\/wp\/v2\/product"}],"about":[{"href":"https:\/\/geisamexico.com\/index.php?rest_route=\/wp\/v2\/types\/product"}],"version-history":[{"count":1,"href":"https:\/\/geisamexico.com\/index.php?rest_route=\/wp\/v2\/product\/4949\/revisions"}],"predecessor-version":[{"id":4951,"href":"https:\/\/geisamexico.com\/index.php?rest_route=\/wp\/v2\/product\/4949\/revisions\/4951"}],"wp:featuredmedia":[{"embeddable":true,"href":"https:\/\/geisamexico.com\/index.php?rest_route=\/wp\/v2\/media\/4950"}],"wp:attachment":[{"href":"https:\/\/geisamexico.com\/index.php?rest_route=%2Fwp%2Fv2%2Fmedia&parent=4949"}],"wp:term":[{"taxonomy":"product_brand","embeddable":true,"href":"https:\/\/geisamexico.com\/index.php?rest_route=%2Fwp%2Fv2%2Fproduct_brand&post=4949"},{"taxonomy":"product_cat","embeddable":true,"href":"https:\/\/geisamexico.com\/index.php?rest_route=%2Fwp%2Fv2%2Fproduct_cat&post=4949"},{"taxonomy":"product_tag","embeddable":true,"href":"https:\/\/geisamexico.com\/index.php?rest_route=%2Fwp%2Fv2%2Fproduct_tag&post=4949"}],"curies":[{"name":"wp","href":"https:\/\/api.w.org\/{rel}","templated":true}]}}