{"id":4934,"date":"2025-06-09T23:15:58","date_gmt":"2025-06-09T23:15:58","guid":{"rendered":"https:\/\/geisamexico.com\/?post_type=product&#038;p=4934"},"modified":"2025-06-17T17:59:26","modified_gmt":"2025-06-17T17:59:26","slug":"mandil-de-carnaza","status":"publish","type":"product","link":"https:\/\/geisamexico.com\/?product=mandil-de-carnaza","title":{"rendered":"Mandil de carnaza"},"content":{"rendered":"","protected":false},"excerpt":{"rendered":"<p class=\"p1\">Se utilizan como equipo especial, para evitar lesiones en el cuerpo de los trabajadores de acuerdo con el riesgo de sus actividades laborales; su aplicaci\u00f3n es para actividades como electricistas, linieros, maniobristas etc., en general para trabajos donde se requiera m\u00e1xima sensibilidad ya que su dise\u00f1o brinda comodidad f\u00edsica lo cual permite el uso sin dejar de proporcionar protecci\u00f3n.<\/p>\n","protected":false},"featured_media":5163,"template":"","meta":{"content-type":""},"product_brand":[],"product_cat":[21],"product_tag":[],"class_list":{"0":"post-4934","1":"product","2":"type-product","3":"status-publish","4":"has-post-thumbnail","6":"product_cat-proteccion-corporal","8":"first","9":"instock","10":"shipping-taxable","11":"purchasable","12":"product-type-simple"},"_links":{"self":[{"href":"https:\/\/geisamexico.com\/index.php?rest_route=\/wp\/v2\/product\/4934","targetHints":{"allow":["GET"]}}],"collection":[{"href":"https:\/\/geisamexico.com\/index.php?rest_route=\/wp\/v2\/product"}],"about":[{"href":"https:\/\/geisamexico.com\/index.php?rest_route=\/wp\/v2\/types\/product"}],"version-history":[{"count":1,"href":"https:\/\/geisamexico.com\/index.php?rest_route=\/wp\/v2\/product\/4934\/revisions"}],"predecessor-version":[{"id":4936,"href":"https:\/\/geisamexico.com\/index.php?rest_route=\/wp\/v2\/product\/4934\/revisions\/4936"}],"wp:featuredmedia":[{"embeddable":true,"href":"https:\/\/geisamexico.com\/index.php?rest_route=\/wp\/v2\/media\/5163"}],"wp:attachment":[{"href":"https:\/\/geisamexico.com\/index.php?rest_route=%2Fwp%2Fv2%2Fmedia&parent=4934"}],"wp:term":[{"taxonomy":"product_brand","embeddable":true,"href":"https:\/\/geisamexico.com\/index.php?rest_route=%2Fwp%2Fv2%2Fproduct_brand&post=4934"},{"taxonomy":"product_cat","embeddable":true,"href":"https:\/\/geisamexico.com\/index.php?rest_route=%2Fwp%2Fv2%2Fproduct_cat&post=4934"},{"taxonomy":"product_tag","embeddable":true,"href":"https:\/\/geisamexico.com\/index.php?rest_route=%2Fwp%2Fv2%2Fproduct_tag&post=4934"}],"curies":[{"name":"wp","href":"https:\/\/api.w.org\/{rel}","templated":true}]}}