{"id":4922,"date":"2025-06-09T22:57:38","date_gmt":"2025-06-09T22:57:38","guid":{"rendered":"https:\/\/geisamexico.com\/?post_type=product&#038;p=4922"},"modified":"2025-06-09T22:57:38","modified_gmt":"2025-06-09T22:57:38","slug":"base-para-trafitambo","status":"publish","type":"product","link":"https:\/\/geisamexico.com\/?product=base-para-trafitambo","title":{"rendered":"Base para trafitambo"},"content":{"rendered":"","protected":false},"excerpt":{"rendered":"<p class=\"p1\">Base para dispositivo de seguridad en forma cil\u00edndrica para protecci\u00f3n de obra. Sirve para dar mayor estabilidad al dispositivo. Uso en delimitaci\u00f3n de obras de trabajo, construcciones, deviaciones y zonas de reparaci\u00f3n.<\/p>\n","protected":false},"featured_media":4923,"template":"","meta":{"content-type":""},"product_brand":[],"product_cat":[28],"product_tag":[],"class_list":{"0":"post-4922","1":"product","2":"type-product","3":"status-publish","4":"has-post-thumbnail","6":"product_cat-proteccion-y-vialidad","8":"first","9":"instock","10":"shipping-taxable","11":"purchasable","12":"product-type-simple"},"_links":{"self":[{"href":"https:\/\/geisamexico.com\/index.php?rest_route=\/wp\/v2\/product\/4922","targetHints":{"allow":["GET"]}}],"collection":[{"href":"https:\/\/geisamexico.com\/index.php?rest_route=\/wp\/v2\/product"}],"about":[{"href":"https:\/\/geisamexico.com\/index.php?rest_route=\/wp\/v2\/types\/product"}],"version-history":[{"count":1,"href":"https:\/\/geisamexico.com\/index.php?rest_route=\/wp\/v2\/product\/4922\/revisions"}],"predecessor-version":[{"id":4924,"href":"https:\/\/geisamexico.com\/index.php?rest_route=\/wp\/v2\/product\/4922\/revisions\/4924"}],"wp:featuredmedia":[{"embeddable":true,"href":"https:\/\/geisamexico.com\/index.php?rest_route=\/wp\/v2\/media\/4923"}],"wp:attachment":[{"href":"https:\/\/geisamexico.com\/index.php?rest_route=%2Fwp%2Fv2%2Fmedia&parent=4922"}],"wp:term":[{"taxonomy":"product_brand","embeddable":true,"href":"https:\/\/geisamexico.com\/index.php?rest_route=%2Fwp%2Fv2%2Fproduct_brand&post=4922"},{"taxonomy":"product_cat","embeddable":true,"href":"https:\/\/geisamexico.com\/index.php?rest_route=%2Fwp%2Fv2%2Fproduct_cat&post=4922"},{"taxonomy":"product_tag","embeddable":true,"href":"https:\/\/geisamexico.com\/index.php?rest_route=%2Fwp%2Fv2%2Fproduct_tag&post=4922"}],"curies":[{"name":"wp","href":"https:\/\/api.w.org\/{rel}","templated":true}]}}