{"id":4907,"date":"2025-06-08T02:42:01","date_gmt":"2025-06-08T02:42:01","guid":{"rendered":"https:\/\/geisamexico.com\/?post_type=product&#038;p=4907"},"modified":"2025-06-08T02:42:01","modified_gmt":"2025-06-08T02:42:01","slug":"bandera-de-malla-poliester-con-reflejantes","status":"publish","type":"product","link":"https:\/\/geisamexico.com\/?product=bandera-de-malla-poliester-con-reflejantes","title":{"rendered":"Bandera de malla poli\u00e9ster con reflejantes"},"content":{"rendered":"","protected":false},"excerpt":{"rendered":"<p class=\"p1\">Bander\u00edn de se\u00f1alamiento vial en tela de malla para apoyo en se\u00f1alizaci\u00f3n en obras de construcci\u00f3n, zonas peligrosas, actividades deportivas, estacionamientos, etc.<\/p>\n","protected":false},"featured_media":4908,"template":"","meta":{"content-type":""},"product_brand":[],"product_cat":[28],"product_tag":[],"class_list":{"0":"post-4907","1":"product","2":"type-product","3":"status-publish","4":"has-post-thumbnail","6":"product_cat-proteccion-y-vialidad","8":"first","9":"instock","10":"shipping-taxable","11":"purchasable","12":"product-type-simple"},"_links":{"self":[{"href":"https:\/\/geisamexico.com\/index.php?rest_route=\/wp\/v2\/product\/4907","targetHints":{"allow":["GET"]}}],"collection":[{"href":"https:\/\/geisamexico.com\/index.php?rest_route=\/wp\/v2\/product"}],"about":[{"href":"https:\/\/geisamexico.com\/index.php?rest_route=\/wp\/v2\/types\/product"}],"version-history":[{"count":1,"href":"https:\/\/geisamexico.com\/index.php?rest_route=\/wp\/v2\/product\/4907\/revisions"}],"predecessor-version":[{"id":4909,"href":"https:\/\/geisamexico.com\/index.php?rest_route=\/wp\/v2\/product\/4907\/revisions\/4909"}],"wp:featuredmedia":[{"embeddable":true,"href":"https:\/\/geisamexico.com\/index.php?rest_route=\/wp\/v2\/media\/4908"}],"wp:attachment":[{"href":"https:\/\/geisamexico.com\/index.php?rest_route=%2Fwp%2Fv2%2Fmedia&parent=4907"}],"wp:term":[{"taxonomy":"product_brand","embeddable":true,"href":"https:\/\/geisamexico.com\/index.php?rest_route=%2Fwp%2Fv2%2Fproduct_brand&post=4907"},{"taxonomy":"product_cat","embeddable":true,"href":"https:\/\/geisamexico.com\/index.php?rest_route=%2Fwp%2Fv2%2Fproduct_cat&post=4907"},{"taxonomy":"product_tag","embeddable":true,"href":"https:\/\/geisamexico.com\/index.php?rest_route=%2Fwp%2Fv2%2Fproduct_tag&post=4907"}],"curies":[{"name":"wp","href":"https:\/\/api.w.org\/{rel}","templated":true}]}}