{"id":4890,"date":"2025-06-06T22:47:21","date_gmt":"2025-06-06T22:47:21","guid":{"rendered":"https:\/\/geisamexico.com\/?post_type=product&#038;p=4890"},"modified":"2025-06-13T01:14:57","modified_gmt":"2025-06-13T01:14:57","slug":"cinta-de-marcaje","status":"publish","type":"product","link":"https:\/\/geisamexico.com\/?product=cinta-de-marcaje","title":{"rendered":"Cinta de marcaje"},"content":{"rendered":"","protected":false},"excerpt":{"rendered":"<p><strong>Tabla de colores:<\/strong><\/p>\n<p><span style=\"color: #ffff00;\">\u2587<\/span>\u00a0 Se\u00f1alamiento de pasillos, est\u00e1ndares de operaci\u00f3n, barandales, precauci\u00f3n, alertas, etc.<br \/>\n<span style=\"color: #000000;\">\u2587<\/span>\u00a0 Maquinas, l\u00edneas y se\u00f1ales de inventario, puntos de inspecci\u00f3n, etc.<br \/>\n<span style=\"color: #008000;\">\u2587<\/span>\u00a0 Equipo de seguridad, primeros auxilios, ruta de evacuaci\u00f3n, etc.<br \/>\n<span style=\"color: #ff0000;\">\u2587<\/span>\u00a0 Defectos y fuego, contenedores de desperdicio, localizaci\u00f3n de equipo contra fuego.<br \/>\n<span style=\"color: #ffff00;\">\u25e3<\/span><span style=\"color: #000000;\">\u25e5<\/span> Marcaje para vialidad y estacionamiento, carga y descarga.<\/p>\n","protected":false},"featured_media":4891,"template":"","meta":{"content-type":""},"product_brand":[],"product_cat":[28],"product_tag":[],"class_list":{"0":"post-4890","1":"product","2":"type-product","3":"status-publish","4":"has-post-thumbnail","6":"product_cat-proteccion-y-vialidad","8":"first","9":"instock","10":"shipping-taxable","11":"purchasable","12":"product-type-simple"},"_links":{"self":[{"href":"https:\/\/geisamexico.com\/index.php?rest_route=\/wp\/v2\/product\/4890","targetHints":{"allow":["GET"]}}],"collection":[{"href":"https:\/\/geisamexico.com\/index.php?rest_route=\/wp\/v2\/product"}],"about":[{"href":"https:\/\/geisamexico.com\/index.php?rest_route=\/wp\/v2\/types\/product"}],"version-history":[{"count":1,"href":"https:\/\/geisamexico.com\/index.php?rest_route=\/wp\/v2\/product\/4890\/revisions"}],"predecessor-version":[{"id":4892,"href":"https:\/\/geisamexico.com\/index.php?rest_route=\/wp\/v2\/product\/4890\/revisions\/4892"}],"wp:featuredmedia":[{"embeddable":true,"href":"https:\/\/geisamexico.com\/index.php?rest_route=\/wp\/v2\/media\/4891"}],"wp:attachment":[{"href":"https:\/\/geisamexico.com\/index.php?rest_route=%2Fwp%2Fv2%2Fmedia&parent=4890"}],"wp:term":[{"taxonomy":"product_brand","embeddable":true,"href":"https:\/\/geisamexico.com\/index.php?rest_route=%2Fwp%2Fv2%2Fproduct_brand&post=4890"},{"taxonomy":"product_cat","embeddable":true,"href":"https:\/\/geisamexico.com\/index.php?rest_route=%2Fwp%2Fv2%2Fproduct_cat&post=4890"},{"taxonomy":"product_tag","embeddable":true,"href":"https:\/\/geisamexico.com\/index.php?rest_route=%2Fwp%2Fv2%2Fproduct_tag&post=4890"}],"curies":[{"name":"wp","href":"https:\/\/api.w.org\/{rel}","templated":true}]}}