{"id":4861,"date":"2025-06-06T19:32:14","date_gmt":"2025-06-06T19:32:14","guid":{"rendered":"https:\/\/geisamexico.com\/?post_type=product&#038;p=4861"},"modified":"2025-06-06T19:32:14","modified_gmt":"2025-06-06T19:32:14","slug":"home-park-it","status":"publish","type":"product","link":"https:\/\/geisamexico.com\/?product=home-park-it","title":{"rendered":"Home Park It"},"content":{"rendered":"","protected":false},"excerpt":{"rendered":"<p class=\"p1\">El tope residencial para veh\u00edculos Home Park It est\u00e1 manufacturado con hule moldeado por compresi\u00f3n 100% reciclado de llantas de veh\u00edculos ligeros y de carga (NR, SBR) con un prepol\u00edmero de poliuretano, resultando un producto amigable con el medio ambiente, adem\u00e1s de soportar el trabajo para el cual ha sido dise\u00f1ado. Su longitud es de 56 cm (22&#8243;) y est\u00e1 equipado cinta reflejante amarilla moldeada para incrementar su visibilidad. Tambi\u00e9n se produce en color negro con cinta reflejante blanca y en color azul con cinta reflejante blanca (para lugares de estacionamiento de personas con discapacidad).<\/p>\n","protected":false},"featured_media":4862,"template":"","meta":{"content-type":""},"product_brand":[],"product_cat":[28],"product_tag":[],"class_list":{"0":"post-4861","1":"product","2":"type-product","3":"status-publish","4":"has-post-thumbnail","6":"product_cat-proteccion-y-vialidad","8":"first","9":"instock","10":"shipping-taxable","11":"purchasable","12":"product-type-simple"},"_links":{"self":[{"href":"https:\/\/geisamexico.com\/index.php?rest_route=\/wp\/v2\/product\/4861","targetHints":{"allow":["GET"]}}],"collection":[{"href":"https:\/\/geisamexico.com\/index.php?rest_route=\/wp\/v2\/product"}],"about":[{"href":"https:\/\/geisamexico.com\/index.php?rest_route=\/wp\/v2\/types\/product"}],"version-history":[{"count":1,"href":"https:\/\/geisamexico.com\/index.php?rest_route=\/wp\/v2\/product\/4861\/revisions"}],"predecessor-version":[{"id":4864,"href":"https:\/\/geisamexico.com\/index.php?rest_route=\/wp\/v2\/product\/4861\/revisions\/4864"}],"wp:featuredmedia":[{"embeddable":true,"href":"https:\/\/geisamexico.com\/index.php?rest_route=\/wp\/v2\/media\/4862"}],"wp:attachment":[{"href":"https:\/\/geisamexico.com\/index.php?rest_route=%2Fwp%2Fv2%2Fmedia&parent=4861"}],"wp:term":[{"taxonomy":"product_brand","embeddable":true,"href":"https:\/\/geisamexico.com\/index.php?rest_route=%2Fwp%2Fv2%2Fproduct_brand&post=4861"},{"taxonomy":"product_cat","embeddable":true,"href":"https:\/\/geisamexico.com\/index.php?rest_route=%2Fwp%2Fv2%2Fproduct_cat&post=4861"},{"taxonomy":"product_tag","embeddable":true,"href":"https:\/\/geisamexico.com\/index.php?rest_route=%2Fwp%2Fv2%2Fproduct_tag&post=4861"}],"curies":[{"name":"wp","href":"https:\/\/api.w.org\/{rel}","templated":true}]}}