{"id":4849,"date":"2025-06-06T19:21:02","date_gmt":"2025-06-06T19:21:02","guid":{"rendered":"https:\/\/geisamexico.com\/?post_type=product&#038;p=4849"},"modified":"2025-06-06T19:21:02","modified_gmt":"2025-06-06T19:21:02","slug":"chaleco-super-rescatista","status":"publish","type":"product","link":"https:\/\/geisamexico.com\/?product=chaleco-super-rescatista","title":{"rendered":"Chaleco super rescatista"},"content":{"rendered":"","protected":false},"excerpt":{"rendered":"<p>Ligero, pr\u00e1ctico y eficaz manteniendo visible al personal que requiere desplazarse en v\u00edas transitadas tanto en el d\u00eda como en la noche.<\/p>\n","protected":false},"featured_media":4850,"template":"","meta":{"content-type":""},"product_brand":[],"product_cat":[100,21],"product_tag":[],"class_list":{"0":"post-4849","1":"product","2":"type-product","3":"status-publish","4":"has-post-thumbnail","6":"product_cat-chalecos","7":"product_cat-proteccion-corporal","9":"first","10":"instock","11":"shipping-taxable","12":"purchasable","13":"product-type-simple"},"_links":{"self":[{"href":"https:\/\/geisamexico.com\/index.php?rest_route=\/wp\/v2\/product\/4849","targetHints":{"allow":["GET"]}}],"collection":[{"href":"https:\/\/geisamexico.com\/index.php?rest_route=\/wp\/v2\/product"}],"about":[{"href":"https:\/\/geisamexico.com\/index.php?rest_route=\/wp\/v2\/types\/product"}],"version-history":[{"count":1,"href":"https:\/\/geisamexico.com\/index.php?rest_route=\/wp\/v2\/product\/4849\/revisions"}],"predecessor-version":[{"id":4852,"href":"https:\/\/geisamexico.com\/index.php?rest_route=\/wp\/v2\/product\/4849\/revisions\/4852"}],"wp:featuredmedia":[{"embeddable":true,"href":"https:\/\/geisamexico.com\/index.php?rest_route=\/wp\/v2\/media\/4850"}],"wp:attachment":[{"href":"https:\/\/geisamexico.com\/index.php?rest_route=%2Fwp%2Fv2%2Fmedia&parent=4849"}],"wp:term":[{"taxonomy":"product_brand","embeddable":true,"href":"https:\/\/geisamexico.com\/index.php?rest_route=%2Fwp%2Fv2%2Fproduct_brand&post=4849"},{"taxonomy":"product_cat","embeddable":true,"href":"https:\/\/geisamexico.com\/index.php?rest_route=%2Fwp%2Fv2%2Fproduct_cat&post=4849"},{"taxonomy":"product_tag","embeddable":true,"href":"https:\/\/geisamexico.com\/index.php?rest_route=%2Fwp%2Fv2%2Fproduct_tag&post=4849"}],"curies":[{"name":"wp","href":"https:\/\/api.w.org\/{rel}","templated":true}]}}