{"id":4841,"date":"2025-06-06T19:17:14","date_gmt":"2025-06-06T19:17:14","guid":{"rendered":"https:\/\/geisamexico.com\/?post_type=product&#038;p=4841"},"modified":"2025-06-06T19:17:14","modified_gmt":"2025-06-06T19:17:14","slug":"chaleco-tipo-carrillero-ajustable-con-reflectivo","status":"publish","type":"product","link":"https:\/\/geisamexico.com\/?product=chaleco-tipo-carrillero-ajustable-con-reflectivo","title":{"rendered":"Chaleco tipo carrillero ajustable con reflectivo"},"content":{"rendered":"","protected":false},"excerpt":{"rendered":"<p class=\"p1\">Chaleco tipo carrillero, fabricado con insumos de alta calidad su base es de cintas de polipropileno color negro para mayor durabilidad a las cuales se les aplica cintas reflejantes mismas que cuentan con tecnolog\u00eda de retroreflexi\u00f3n en color amarillo fluorescente el cual permite su visibilidad diurna y\/o nocturna, cuenta con extensiones el\u00e1sticas proporcionando ajuste al frente a la altura del pecho, extensi\u00f3n al frente para el dorso y en cintura ubicada en los costados del chaleco en color negro; as\u00ed mismo cuenta con cierre de contactel al frente.<\/p>\n","protected":false},"featured_media":4842,"template":"","meta":{"content-type":""},"product_brand":[],"product_cat":[100,21],"product_tag":[],"class_list":{"0":"post-4841","1":"product","2":"type-product","3":"status-publish","4":"has-post-thumbnail","6":"product_cat-chalecos","7":"product_cat-proteccion-corporal","9":"first","10":"instock","11":"shipping-taxable","12":"purchasable","13":"product-type-simple"},"_links":{"self":[{"href":"https:\/\/geisamexico.com\/index.php?rest_route=\/wp\/v2\/product\/4841","targetHints":{"allow":["GET"]}}],"collection":[{"href":"https:\/\/geisamexico.com\/index.php?rest_route=\/wp\/v2\/product"}],"about":[{"href":"https:\/\/geisamexico.com\/index.php?rest_route=\/wp\/v2\/types\/product"}],"version-history":[{"count":1,"href":"https:\/\/geisamexico.com\/index.php?rest_route=\/wp\/v2\/product\/4841\/revisions"}],"predecessor-version":[{"id":4844,"href":"https:\/\/geisamexico.com\/index.php?rest_route=\/wp\/v2\/product\/4841\/revisions\/4844"}],"wp:featuredmedia":[{"embeddable":true,"href":"https:\/\/geisamexico.com\/index.php?rest_route=\/wp\/v2\/media\/4842"}],"wp:attachment":[{"href":"https:\/\/geisamexico.com\/index.php?rest_route=%2Fwp%2Fv2%2Fmedia&parent=4841"}],"wp:term":[{"taxonomy":"product_brand","embeddable":true,"href":"https:\/\/geisamexico.com\/index.php?rest_route=%2Fwp%2Fv2%2Fproduct_brand&post=4841"},{"taxonomy":"product_cat","embeddable":true,"href":"https:\/\/geisamexico.com\/index.php?rest_route=%2Fwp%2Fv2%2Fproduct_cat&post=4841"},{"taxonomy":"product_tag","embeddable":true,"href":"https:\/\/geisamexico.com\/index.php?rest_route=%2Fwp%2Fv2%2Fproduct_tag&post=4841"}],"curies":[{"name":"wp","href":"https:\/\/api.w.org\/{rel}","templated":true}]}}