{"id":4837,"date":"2025-06-06T19:13:14","date_gmt":"2025-06-06T19:13:14","guid":{"rendered":"https:\/\/geisamexico.com\/?post_type=product&#038;p=4837"},"modified":"2025-06-06T19:13:14","modified_gmt":"2025-06-06T19:13:14","slug":"chaleco-de-malla-con-reflejante","status":"publish","type":"product","link":"https:\/\/geisamexico.com\/?product=chaleco-de-malla-con-reflejante","title":{"rendered":"Chaleco de malla con reflejante"},"content":{"rendered":"","protected":false},"excerpt":{"rendered":"<p class=\"p1\">Caracter\u00edsticas:<\/p>\n<p class=\"p1\">\u2022 Super ligero, unitalla y c\u00f3modo.<\/p>\n<p class=\"p1\">\u2022 Hecho de malla de poli\u00e9ster de alta visibilidad, perforada para m\u00e1xima ventilaci\u00f3n, el\u00e1sticos laterales de 1.8 cm, cierre de velcro al frente de<\/p>\n<p class=\"p1\">2 cm o broche tipo samsonite, bies perimetral color negro de 1\u201d.<\/p>\n<p class=\"p1\">\u2022 2 bandas fluorescentes color verde lim\u00f3n de 5 cm. Y 2 bandas reflejantes de alta luminosidad color plata de 1.5 cm de ancho en frente y espalda<span class=\"s1\">.<\/span><\/p>\n","protected":false},"featured_media":4839,"template":"","meta":{"content-type":""},"product_brand":[],"product_cat":[100,21],"product_tag":[],"class_list":{"0":"post-4837","1":"product","2":"type-product","3":"status-publish","4":"has-post-thumbnail","6":"product_cat-chalecos","7":"product_cat-proteccion-corporal","9":"first","10":"instock","11":"shipping-taxable","12":"purchasable","13":"product-type-simple"},"_links":{"self":[{"href":"https:\/\/geisamexico.com\/index.php?rest_route=\/wp\/v2\/product\/4837","targetHints":{"allow":["GET"]}}],"collection":[{"href":"https:\/\/geisamexico.com\/index.php?rest_route=\/wp\/v2\/product"}],"about":[{"href":"https:\/\/geisamexico.com\/index.php?rest_route=\/wp\/v2\/types\/product"}],"version-history":[{"count":1,"href":"https:\/\/geisamexico.com\/index.php?rest_route=\/wp\/v2\/product\/4837\/revisions"}],"predecessor-version":[{"id":4840,"href":"https:\/\/geisamexico.com\/index.php?rest_route=\/wp\/v2\/product\/4837\/revisions\/4840"}],"wp:featuredmedia":[{"embeddable":true,"href":"https:\/\/geisamexico.com\/index.php?rest_route=\/wp\/v2\/media\/4839"}],"wp:attachment":[{"href":"https:\/\/geisamexico.com\/index.php?rest_route=%2Fwp%2Fv2%2Fmedia&parent=4837"}],"wp:term":[{"taxonomy":"product_brand","embeddable":true,"href":"https:\/\/geisamexico.com\/index.php?rest_route=%2Fwp%2Fv2%2Fproduct_brand&post=4837"},{"taxonomy":"product_cat","embeddable":true,"href":"https:\/\/geisamexico.com\/index.php?rest_route=%2Fwp%2Fv2%2Fproduct_cat&post=4837"},{"taxonomy":"product_tag","embeddable":true,"href":"https:\/\/geisamexico.com\/index.php?rest_route=%2Fwp%2Fv2%2Fproduct_tag&post=4837"}],"curies":[{"name":"wp","href":"https:\/\/api.w.org\/{rel}","templated":true}]}}