{"id":4833,"date":"2025-06-06T19:11:32","date_gmt":"2025-06-06T19:11:32","guid":{"rendered":"https:\/\/geisamexico.com\/?post_type=product&#038;p=4833"},"modified":"2025-06-06T19:11:32","modified_gmt":"2025-06-06T19:11:32","slug":"chaleco-tipo-brigadista-mixto","status":"publish","type":"product","link":"https:\/\/geisamexico.com\/?product=chaleco-tipo-brigadista-mixto","title":{"rendered":"Chaleco tipo brigadista mixto"},"content":{"rendered":"","protected":false},"excerpt":{"rendered":"<ul>\n<li class=\"p1\">Chaleco tipo brigadista para vialidad y rescate fabricado en 50\/50 de algod\u00f3n y poli\u00e9ster.<\/li>\n<li>Medidas: .67 cm de largo y .48 cm de ancho.<\/li>\n<li>Cuenta con 5 bolsas en la parte frontal.<\/li>\n<li>Se le llama mixto por que tiene el frente de gabardina y detr\u00e1s malla de poli\u00e9ster perforado para mayor ventilaci\u00f3n.<\/li>\n<li>Super fresco 100% lavable.<\/li>\n<li>Reflejantes de 2 pulgadas.<\/li>\n<li>Cuenta con 4 cintas laterales para mayor ajuste.<\/li>\n<\/ul>\n","protected":false},"featured_media":4834,"template":"","meta":{"content-type":""},"product_brand":[],"product_cat":[100,21],"product_tag":[],"class_list":{"0":"post-4833","1":"product","2":"type-product","3":"status-publish","4":"has-post-thumbnail","6":"product_cat-chalecos","7":"product_cat-proteccion-corporal","9":"first","10":"instock","11":"shipping-taxable","12":"purchasable","13":"product-type-simple"},"_links":{"self":[{"href":"https:\/\/geisamexico.com\/index.php?rest_route=\/wp\/v2\/product\/4833","targetHints":{"allow":["GET"]}}],"collection":[{"href":"https:\/\/geisamexico.com\/index.php?rest_route=\/wp\/v2\/product"}],"about":[{"href":"https:\/\/geisamexico.com\/index.php?rest_route=\/wp\/v2\/types\/product"}],"version-history":[{"count":1,"href":"https:\/\/geisamexico.com\/index.php?rest_route=\/wp\/v2\/product\/4833\/revisions"}],"predecessor-version":[{"id":4836,"href":"https:\/\/geisamexico.com\/index.php?rest_route=\/wp\/v2\/product\/4833\/revisions\/4836"}],"wp:featuredmedia":[{"embeddable":true,"href":"https:\/\/geisamexico.com\/index.php?rest_route=\/wp\/v2\/media\/4834"}],"wp:attachment":[{"href":"https:\/\/geisamexico.com\/index.php?rest_route=%2Fwp%2Fv2%2Fmedia&parent=4833"}],"wp:term":[{"taxonomy":"product_brand","embeddable":true,"href":"https:\/\/geisamexico.com\/index.php?rest_route=%2Fwp%2Fv2%2Fproduct_brand&post=4833"},{"taxonomy":"product_cat","embeddable":true,"href":"https:\/\/geisamexico.com\/index.php?rest_route=%2Fwp%2Fv2%2Fproduct_cat&post=4833"},{"taxonomy":"product_tag","embeddable":true,"href":"https:\/\/geisamexico.com\/index.php?rest_route=%2Fwp%2Fv2%2Fproduct_tag&post=4833"}],"curies":[{"name":"wp","href":"https:\/\/api.w.org\/{rel}","templated":true}]}}