{"id":4826,"date":"2025-06-05T01:01:16","date_gmt":"2025-06-05T01:01:16","guid":{"rendered":"https:\/\/geisamexico.com\/?post_type=product&#038;p=4826"},"modified":"2025-06-05T01:01:16","modified_gmt":"2025-06-05T01:01:16","slug":"lente-nemesis-claro","status":"publish","type":"product","link":"https:\/\/geisamexico.com\/?product=lente-nemesis-claro","title":{"rendered":"Lente nemesis claro"},"content":{"rendered":"","protected":false},"excerpt":{"rendered":"<p class=\"p1\">Los lentes de protecci\u00f3n se deben usar en sitios donde el usuario este expuesto a riesgos tales como: part\u00edculas o elementos que puedan impactar los ojos, radiaci\u00f3n ultravioleta, entre otros. <span class=\"s1\">Es muy importante conocer el proceso y los riesgos <\/span>a los que est\u00e1 expuesta la persona para poder definir el producto de protecci\u00f3n adecuado.<\/p>\n","protected":false},"featured_media":4827,"template":"","meta":{"content-type":""},"product_brand":[],"product_cat":[27],"product_tag":[],"class_list":{"0":"post-4826","1":"product","2":"type-product","3":"status-publish","4":"has-post-thumbnail","6":"product_cat-proteccion-visual","8":"first","9":"instock","10":"shipping-taxable","11":"purchasable","12":"product-type-simple"},"_links":{"self":[{"href":"https:\/\/geisamexico.com\/index.php?rest_route=\/wp\/v2\/product\/4826","targetHints":{"allow":["GET"]}}],"collection":[{"href":"https:\/\/geisamexico.com\/index.php?rest_route=\/wp\/v2\/product"}],"about":[{"href":"https:\/\/geisamexico.com\/index.php?rest_route=\/wp\/v2\/types\/product"}],"version-history":[{"count":1,"href":"https:\/\/geisamexico.com\/index.php?rest_route=\/wp\/v2\/product\/4826\/revisions"}],"predecessor-version":[{"id":4828,"href":"https:\/\/geisamexico.com\/index.php?rest_route=\/wp\/v2\/product\/4826\/revisions\/4828"}],"wp:featuredmedia":[{"embeddable":true,"href":"https:\/\/geisamexico.com\/index.php?rest_route=\/wp\/v2\/media\/4827"}],"wp:attachment":[{"href":"https:\/\/geisamexico.com\/index.php?rest_route=%2Fwp%2Fv2%2Fmedia&parent=4826"}],"wp:term":[{"taxonomy":"product_brand","embeddable":true,"href":"https:\/\/geisamexico.com\/index.php?rest_route=%2Fwp%2Fv2%2Fproduct_brand&post=4826"},{"taxonomy":"product_cat","embeddable":true,"href":"https:\/\/geisamexico.com\/index.php?rest_route=%2Fwp%2Fv2%2Fproduct_cat&post=4826"},{"taxonomy":"product_tag","embeddable":true,"href":"https:\/\/geisamexico.com\/index.php?rest_route=%2Fwp%2Fv2%2Fproduct_tag&post=4826"}],"curies":[{"name":"wp","href":"https:\/\/api.w.org\/{rel}","templated":true}]}}