{"id":4775,"date":"2025-06-05T00:06:22","date_gmt":"2025-06-05T00:06:22","guid":{"rendered":"https:\/\/geisamexico.com\/?post_type=product&#038;p=4775"},"modified":"2025-06-05T00:06:22","modified_gmt":"2025-06-05T00:06:22","slug":"guante-desechable-de-nitrilo-negro","status":"publish","type":"product","link":"https:\/\/geisamexico.com\/?product=guante-desechable-de-nitrilo-negro","title":{"rendered":"Guante desechable de nitrilo negro"},"content":{"rendered":"","protected":false},"excerpt":{"rendered":"<p class=\"p1\">Nitrilo desechable negro, 4 mil\u00e9simas de espesor, 9.5\u201d de largo, libre en polvo, pu\u00f1o rolado. Fabricado con nitrilo negro desechable, libre de polvo, ambidiestro y muy resistente a un amplio rango de sustancias qu\u00edmicas. Son tres veces mas resistentes a los guantes de vinil o l\u00e1tex. Material aceptado por la FDA para la manipulaci\u00f3n de alimentos.<\/p>\n","protected":false},"featured_media":4776,"template":"","meta":{"content-type":""},"product_brand":[],"product_cat":[18],"product_tag":[],"class_list":{"0":"post-4775","1":"product","2":"type-product","3":"status-publish","4":"has-post-thumbnail","6":"product_cat-equipo-desechable","8":"first","9":"instock","10":"shipping-taxable","11":"purchasable","12":"product-type-simple"},"_links":{"self":[{"href":"https:\/\/geisamexico.com\/index.php?rest_route=\/wp\/v2\/product\/4775","targetHints":{"allow":["GET"]}}],"collection":[{"href":"https:\/\/geisamexico.com\/index.php?rest_route=\/wp\/v2\/product"}],"about":[{"href":"https:\/\/geisamexico.com\/index.php?rest_route=\/wp\/v2\/types\/product"}],"version-history":[{"count":1,"href":"https:\/\/geisamexico.com\/index.php?rest_route=\/wp\/v2\/product\/4775\/revisions"}],"predecessor-version":[{"id":4777,"href":"https:\/\/geisamexico.com\/index.php?rest_route=\/wp\/v2\/product\/4775\/revisions\/4777"}],"wp:featuredmedia":[{"embeddable":true,"href":"https:\/\/geisamexico.com\/index.php?rest_route=\/wp\/v2\/media\/4776"}],"wp:attachment":[{"href":"https:\/\/geisamexico.com\/index.php?rest_route=%2Fwp%2Fv2%2Fmedia&parent=4775"}],"wp:term":[{"taxonomy":"product_brand","embeddable":true,"href":"https:\/\/geisamexico.com\/index.php?rest_route=%2Fwp%2Fv2%2Fproduct_brand&post=4775"},{"taxonomy":"product_cat","embeddable":true,"href":"https:\/\/geisamexico.com\/index.php?rest_route=%2Fwp%2Fv2%2Fproduct_cat&post=4775"},{"taxonomy":"product_tag","embeddable":true,"href":"https:\/\/geisamexico.com\/index.php?rest_route=%2Fwp%2Fv2%2Fproduct_tag&post=4775"}],"curies":[{"name":"wp","href":"https:\/\/api.w.org\/{rel}","templated":true}]}}