{"id":3508,"date":"2025-02-26T21:16:27","date_gmt":"2025-02-26T21:16:27","guid":{"rendered":"https:\/\/geisamexico.com\/?post_type=product&#038;p=3508"},"modified":"2025-02-27T15:43:36","modified_gmt":"2025-02-27T15:43:36","slug":"sx9668lh","status":"publish","type":"product","link":"https:\/\/geisamexico.com\/?product=sx9668lh","title":{"rendered":"Guante multiusos de tejido de punto"},"content":{"rendered":"","protected":false},"excerpt":{"rendered":"<p>Nuestros guantes multiusos de tejido de punto se presentan en distintas mezclas, colores y pesos. Se ofrecen ofertas econ\u00f3micas, regulares y robustas. Estos guantes son adecuados para la protecci\u00f3n general de las manos en aplicaciones de trabajo liviano. Producto desechable, NO dise\u00f1ados para uso prolongado. El SX9668LH presenta una mezcla de algod\u00f3n\/poli\u00e9ster en color natural de calibre 7, cuenta con puntos de PVC de color negro en palma y dorso que mejora la resistencia y durabilidad.<\/p>\n","protected":false},"featured_media":3509,"template":"","meta":{"content-type":""},"product_brand":[],"product_cat":[25],"product_tag":[],"class_list":{"0":"post-3508","1":"product","2":"type-product","3":"status-publish","4":"has-post-thumbnail","6":"product_cat-proteccion-para-manos","8":"first","9":"instock","10":"shipping-taxable","11":"purchasable","12":"product-type-simple"},"_links":{"self":[{"href":"https:\/\/geisamexico.com\/index.php?rest_route=\/wp\/v2\/product\/3508","targetHints":{"allow":["GET"]}}],"collection":[{"href":"https:\/\/geisamexico.com\/index.php?rest_route=\/wp\/v2\/product"}],"about":[{"href":"https:\/\/geisamexico.com\/index.php?rest_route=\/wp\/v2\/types\/product"}],"version-history":[{"count":0,"href":"https:\/\/geisamexico.com\/index.php?rest_route=\/wp\/v2\/product\/3508\/revisions"}],"wp:featuredmedia":[{"embeddable":true,"href":"https:\/\/geisamexico.com\/index.php?rest_route=\/wp\/v2\/media\/3509"}],"wp:attachment":[{"href":"https:\/\/geisamexico.com\/index.php?rest_route=%2Fwp%2Fv2%2Fmedia&parent=3508"}],"wp:term":[{"taxonomy":"product_brand","embeddable":true,"href":"https:\/\/geisamexico.com\/index.php?rest_route=%2Fwp%2Fv2%2Fproduct_brand&post=3508"},{"taxonomy":"product_cat","embeddable":true,"href":"https:\/\/geisamexico.com\/index.php?rest_route=%2Fwp%2Fv2%2Fproduct_cat&post=3508"},{"taxonomy":"product_tag","embeddable":true,"href":"https:\/\/geisamexico.com\/index.php?rest_route=%2Fwp%2Fv2%2Fproduct_tag&post=3508"}],"curies":[{"name":"wp","href":"https:\/\/api.w.org\/{rel}","templated":true}]}}