{"id":3393,"date":"2025-02-22T22:26:53","date_gmt":"2025-02-22T22:26:53","guid":{"rendered":"https:\/\/geisamexico.com\/?post_type=product&#038;p=3393"},"modified":"2025-04-21T19:06:30","modified_gmt":"2025-04-21T19:06:30","slug":"qc127sylxx001200","status":"publish","type":"product","link":"https:\/\/geisamexico.com\/?product=qc127sylxx001200","title":{"rendered":"Overol con capucha est\u00e1ndar Dupont\u2122 Tychem\u00ae 2000"},"content":{"rendered":"","protected":false},"excerpt":{"rendered":"<p>Dise\u00f1o c\u00f3modo que permite un mayor rango de movimiento al estirar y flexionar. Capucha con el\u00e1stico alrededor de la cara. Abertura el\u00e1stica para mayor ajuste en la mu\u00f1eca y en el tobillo.<\/p>\n","protected":false},"featured_media":3397,"template":"","meta":{"content-type":""},"product_brand":[],"product_cat":[21],"product_tag":[],"class_list":{"0":"post-3393","1":"product","2":"type-product","3":"status-publish","4":"has-post-thumbnail","6":"product_cat-proteccion-corporal","8":"first","9":"instock","10":"shipping-taxable","11":"purchasable","12":"product-type-simple"},"_links":{"self":[{"href":"https:\/\/geisamexico.com\/index.php?rest_route=\/wp\/v2\/product\/3393","targetHints":{"allow":["GET"]}}],"collection":[{"href":"https:\/\/geisamexico.com\/index.php?rest_route=\/wp\/v2\/product"}],"about":[{"href":"https:\/\/geisamexico.com\/index.php?rest_route=\/wp\/v2\/types\/product"}],"version-history":[{"count":1,"href":"https:\/\/geisamexico.com\/index.php?rest_route=\/wp\/v2\/product\/3393\/revisions"}],"predecessor-version":[{"id":4535,"href":"https:\/\/geisamexico.com\/index.php?rest_route=\/wp\/v2\/product\/3393\/revisions\/4535"}],"wp:featuredmedia":[{"embeddable":true,"href":"https:\/\/geisamexico.com\/index.php?rest_route=\/wp\/v2\/media\/3397"}],"wp:attachment":[{"href":"https:\/\/geisamexico.com\/index.php?rest_route=%2Fwp%2Fv2%2Fmedia&parent=3393"}],"wp:term":[{"taxonomy":"product_brand","embeddable":true,"href":"https:\/\/geisamexico.com\/index.php?rest_route=%2Fwp%2Fv2%2Fproduct_brand&post=3393"},{"taxonomy":"product_cat","embeddable":true,"href":"https:\/\/geisamexico.com\/index.php?rest_route=%2Fwp%2Fv2%2Fproduct_cat&post=3393"},{"taxonomy":"product_tag","embeddable":true,"href":"https:\/\/geisamexico.com\/index.php?rest_route=%2Fwp%2Fv2%2Fproduct_tag&post=3393"}],"curies":[{"name":"wp","href":"https:\/\/api.w.org\/{rel}","templated":true}]}}