{"id":3388,"date":"2025-02-22T22:13:16","date_gmt":"2025-02-22T22:13:16","guid":{"rendered":"https:\/\/geisamexico.com\/?post_type=product&#038;p=3388"},"modified":"2025-02-27T15:46:49","modified_gmt":"2025-02-27T15:46:49","slug":"od410","status":"publish","type":"product","link":"https:\/\/geisamexico.com\/?product=od410","title":{"rendered":"Overol desechable"},"content":{"rendered":"<p><strong>Caracter\u00edsticas<\/strong><br \/>\n\u2022 Polietileno \/ Polipropileno<br \/>\n\u2022 Desechable<br \/>\n\u2022 Tela microporosa<br \/>\n\u2022 Respirable<br \/>\n<strong>Industria<\/strong><br \/>\n\u2022 Uso en general<br \/>\n\u2022 Almacenes<br \/>\n\u2022 Construcci\u00f3n<br \/>\n\u2022 Pintura<\/p>\n","protected":false},"excerpt":{"rendered":"<p>Fabricado de tela laminada de polietileno \/ polipropileno, que permite la protecci\u00f3n al polvo, grasas, aerosoles y salpicaduras leves. Si dise\u00f1o permite mayor flexibilidad en cualquier movimiento del cuerpo. Tiene el\u00e1sticos en tobillos, pu\u00f1os y gorro, su cierre frontal desde la cintura hasta el inicio del cuello permite una f\u00e1cil colocaci\u00f3n.<\/p>\n","protected":false},"featured_media":3392,"template":"","meta":{"content-type":""},"product_brand":[],"product_cat":[21],"product_tag":[],"class_list":{"0":"post-3388","1":"product","2":"type-product","3":"status-publish","4":"has-post-thumbnail","6":"product_cat-proteccion-corporal","8":"first","9":"instock","10":"shipping-taxable","11":"purchasable","12":"product-type-simple"},"_links":{"self":[{"href":"https:\/\/geisamexico.com\/index.php?rest_route=\/wp\/v2\/product\/3388","targetHints":{"allow":["GET"]}}],"collection":[{"href":"https:\/\/geisamexico.com\/index.php?rest_route=\/wp\/v2\/product"}],"about":[{"href":"https:\/\/geisamexico.com\/index.php?rest_route=\/wp\/v2\/types\/product"}],"version-history":[{"count":0,"href":"https:\/\/geisamexico.com\/index.php?rest_route=\/wp\/v2\/product\/3388\/revisions"}],"wp:featuredmedia":[{"embeddable":true,"href":"https:\/\/geisamexico.com\/index.php?rest_route=\/wp\/v2\/media\/3392"}],"wp:attachment":[{"href":"https:\/\/geisamexico.com\/index.php?rest_route=%2Fwp%2Fv2%2Fmedia&parent=3388"}],"wp:term":[{"taxonomy":"product_brand","embeddable":true,"href":"https:\/\/geisamexico.com\/index.php?rest_route=%2Fwp%2Fv2%2Fproduct_brand&post=3388"},{"taxonomy":"product_cat","embeddable":true,"href":"https:\/\/geisamexico.com\/index.php?rest_route=%2Fwp%2Fv2%2Fproduct_cat&post=3388"},{"taxonomy":"product_tag","embeddable":true,"href":"https:\/\/geisamexico.com\/index.php?rest_route=%2Fwp%2Fv2%2Fproduct_tag&post=3388"}],"curies":[{"name":"wp","href":"https:\/\/api.w.org\/{rel}","templated":true}]}}