{"id":3368,"date":"2025-02-22T21:46:35","date_gmt":"2025-02-22T21:46:35","guid":{"rendered":"https:\/\/geisamexico.com\/?post_type=product&#038;p=3368"},"modified":"2025-02-27T15:47:16","modified_gmt":"2025-02-27T15:47:16","slug":"lk-mt-428","status":"publish","type":"product","link":"https:\/\/geisamexico.com\/?product=lk-mt-428","title":{"rendered":"Overol desechable"},"content":{"rendered":"","protected":false},"excerpt":{"rendered":"<p>Fabricado en tela microporosa color blanco, con el\u00e1stico en los pu\u00f1os, tobillos y capucha, para mejorar su ajuste, cuenta con zipper al frente. Protecci\u00f3n en usos generales, por los materiales del que est\u00e1 hecho, permite que sea un overol c\u00f3modo y permeable, adem\u00e1s de proteger contra grasas, polvos, aerosoles y l\u00edquidos, resistente a muchas part\u00edculas qu\u00edmicas.<\/p>\n","protected":false},"featured_media":3369,"template":"","meta":{"content-type":""},"product_brand":[],"product_cat":[21],"product_tag":[],"class_list":{"0":"post-3368","1":"product","2":"type-product","3":"status-publish","4":"has-post-thumbnail","6":"product_cat-proteccion-corporal","8":"first","9":"instock","10":"shipping-taxable","11":"purchasable","12":"product-type-simple"},"_links":{"self":[{"href":"https:\/\/geisamexico.com\/index.php?rest_route=\/wp\/v2\/product\/3368","targetHints":{"allow":["GET"]}}],"collection":[{"href":"https:\/\/geisamexico.com\/index.php?rest_route=\/wp\/v2\/product"}],"about":[{"href":"https:\/\/geisamexico.com\/index.php?rest_route=\/wp\/v2\/types\/product"}],"version-history":[{"count":0,"href":"https:\/\/geisamexico.com\/index.php?rest_route=\/wp\/v2\/product\/3368\/revisions"}],"wp:featuredmedia":[{"embeddable":true,"href":"https:\/\/geisamexico.com\/index.php?rest_route=\/wp\/v2\/media\/3369"}],"wp:attachment":[{"href":"https:\/\/geisamexico.com\/index.php?rest_route=%2Fwp%2Fv2%2Fmedia&parent=3368"}],"wp:term":[{"taxonomy":"product_brand","embeddable":true,"href":"https:\/\/geisamexico.com\/index.php?rest_route=%2Fwp%2Fv2%2Fproduct_brand&post=3368"},{"taxonomy":"product_cat","embeddable":true,"href":"https:\/\/geisamexico.com\/index.php?rest_route=%2Fwp%2Fv2%2Fproduct_cat&post=3368"},{"taxonomy":"product_tag","embeddable":true,"href":"https:\/\/geisamexico.com\/index.php?rest_route=%2Fwp%2Fv2%2Fproduct_tag&post=3368"}],"curies":[{"name":"wp","href":"https:\/\/api.w.org\/{rel}","templated":true}]}}