{"id":2005,"date":"2025-02-15T18:06:32","date_gmt":"2025-02-15T18:06:32","guid":{"rendered":"https:\/\/geisamexico.com\/?post_type=product&#038;p=2005"},"modified":"2025-02-22T20:39:28","modified_gmt":"2025-02-22T20:39:28","slug":"respirador-8247r95","status":"publish","type":"product","link":"https:\/\/geisamexico.com\/?product=respirador-8247r95","title":{"rendered":"Respirador 8247(R95)"},"content":{"rendered":"","protected":false},"excerpt":{"rendered":"<p class=\"p1\">El respirador libre de mantenimiento 3M 8247 brinda una efectiva, confortable e higi\u00e9nica protecci\u00f3n respiratoria contra polvos, humos y neblinas con o sin aceite. Es fabricado con un Medio Filtrante Electrost\u00e1tico Avanzado, novedoso sistema de retenci\u00f3n de part\u00edculas que permite mayor eficiencia del filtro, con menor ca\u00edda de presi\u00f3n. Su forma convexa, el dise\u00f1o de sus bandas el\u00e1sticas y el clip de aluminio para el ajuste a la nariz; aseguran un excelente sello, adapt\u00e1ndose a un amplio rango de tama\u00f1os de cara. El respirador 3M 8247 ha sido dise\u00f1ado para trabajar en \u00e1reas donde hay presencia de niveles molestos de vapores org\u00e1nicos porque cuenta con un Medio Filtrante Removedor de Olores.<\/p>\n","protected":false},"featured_media":3347,"template":"","meta":{"content-type":""},"product_brand":[],"product_cat":[18],"product_tag":[],"class_list":{"0":"post-2005","1":"product","2":"type-product","3":"status-publish","4":"has-post-thumbnail","6":"product_cat-equipo-desechable","8":"first","9":"instock","10":"shipping-taxable","11":"purchasable","12":"product-type-simple"},"_links":{"self":[{"href":"https:\/\/geisamexico.com\/index.php?rest_route=\/wp\/v2\/product\/2005","targetHints":{"allow":["GET"]}}],"collection":[{"href":"https:\/\/geisamexico.com\/index.php?rest_route=\/wp\/v2\/product"}],"about":[{"href":"https:\/\/geisamexico.com\/index.php?rest_route=\/wp\/v2\/types\/product"}],"version-history":[{"count":0,"href":"https:\/\/geisamexico.com\/index.php?rest_route=\/wp\/v2\/product\/2005\/revisions"}],"wp:featuredmedia":[{"embeddable":true,"href":"https:\/\/geisamexico.com\/index.php?rest_route=\/wp\/v2\/media\/3347"}],"wp:attachment":[{"href":"https:\/\/geisamexico.com\/index.php?rest_route=%2Fwp%2Fv2%2Fmedia&parent=2005"}],"wp:term":[{"taxonomy":"product_brand","embeddable":true,"href":"https:\/\/geisamexico.com\/index.php?rest_route=%2Fwp%2Fv2%2Fproduct_brand&post=2005"},{"taxonomy":"product_cat","embeddable":true,"href":"https:\/\/geisamexico.com\/index.php?rest_route=%2Fwp%2Fv2%2Fproduct_cat&post=2005"},{"taxonomy":"product_tag","embeddable":true,"href":"https:\/\/geisamexico.com\/index.php?rest_route=%2Fwp%2Fv2%2Fproduct_tag&post=2005"}],"curies":[{"name":"wp","href":"https:\/\/api.w.org\/{rel}","templated":true}]}}